{"id":1001233,"date":"2026-02-22T18:07:39","date_gmt":"2026-02-22T18:07:39","guid":{"rendered":"https:\/\/bellinzoni.net\/pt\/?post_type=product&#038;p=1001233"},"modified":"2026-03-18T19:20:23","modified_gmt":"2026-03-18T19:20:23","slug":"idea-prime-industrial","status":"publish","type":"product","link":"https:\/\/bellinzoni.net\/pt\/produto\/idea-prime-industrial\/","title":{"rendered":"Idea Prime"},"content":{"rendered":"<div class=\"flex flex-col text-sm pb-25\">\n<section class=\"text-token-text-primary w-full focus:outline-none [--shadow-height:45px] has-data-writing-block:pointer-events-none has-data-writing-block:-mt-(--shadow-height) has-data-writing-block:pt-(--shadow-height) [&amp;:has([data-writing-block])&gt;*]:pointer-events-auto scroll-mt-[calc(var(--header-height)+min(200px,max(70px,20svh)))]\" dir=\"auto\" data-turn-id=\"request-69b7f979-be64-8329-a0b1-b177f97d4070-4\" data-testid=\"conversation-turn-304\" data-scroll-anchor=\"true\" data-turn=\"assistant\">\n<div class=\"text-base my-auto mx-auto pb-10 [--thread-content-margin:var(--thread-content-margin-xs,calc(var(--spacing)*4))] @w-sm\/main:[--thread-content-margin:var(--thread-content-margin-sm,calc(var(--spacing)*6))] @w-lg\/main:[--thread-content-margin:var(--thread-content-margin-lg,calc(var(--spacing)*16))] px-(--thread-content-margin)\">\n<div class=\"[--thread-content-max-width:40rem] @w-lg\/main:[--thread-content-max-width:48rem] mx-auto max-w-(--thread-content-max-width) flex-1 group\/turn-messages focus-visible:outline-hidden relative flex w-full min-w-0 flex-col agent-turn\">\n<div class=\"flex max-w-full flex-col gap-4 grow\">\n<div class=\"min-h-8 text-message relative flex w-full flex-col items-end gap-2 text-start break-words whitespace-normal outline-none keyboard-focused:focus-ring [.text-message+&amp;]:mt-1\" dir=\"auto\" tabindex=\"0\" data-message-author-role=\"assistant\" data-message-id=\"76f68404-b274-4240-9ebe-4c3269f8c3a2\" data-message-model-slug=\"gpt-5-3\" data-turn-start-message=\"true\">\n<div class=\"flex w-full flex-col gap-1 empty:hidden\">\n<div class=\"markdown prose dark:prose-invert w-full wrap-break-word dark markdown-new-styling\">\n<p data-start=\"305\" data-end=\"379\"><strong data-start=\"305\" data-end=\"318\">Descri\u00e7\u00e3o<\/strong><br data-start=\"318\" data-end=\"321\" \/>C\u00f3digo do Produto: 5 Litros \u2013 P242004 | 20 Litros \u2013 230650<\/p>\n<hr data-start=\"381\" data-end=\"384\" \/>\n<p data-start=\"386\" data-end=\"469\"><strong data-start=\"386\" data-end=\"414\">Superf\u00edcies de Aplica\u00e7\u00e3o<\/strong><br data-start=\"414\" data-end=\"417\" \/>M\u00e1rmores<br data-start=\"425\" data-end=\"428\" \/>Quartzitos<br data-start=\"438\" data-end=\"441\" \/>Granitos<br data-start=\"449\" data-end=\"452\" \/>Pedras em Geral<\/p>\n<hr data-start=\"471\" data-end=\"474\" \/>\n<p data-start=\"476\" data-end=\"497\"><strong data-start=\"476\" data-end=\"497\">Instru\u00e7\u00f5es de Uso<\/strong><\/p>\n<p data-start=\"499\" data-end=\"519\"><strong data-start=\"499\" data-end=\"519\">Indica\u00e7\u00e3o de uso<\/strong><\/p>\n<p data-start=\"521\" data-end=\"687\">Produto indicado para prote\u00e7\u00e3o de superf\u00edcies com elevada porosidade, prevenindo a absor\u00e7\u00e3o de \u00e1gua, \u00f3leo e subst\u00e2ncias que possam causar manchas ou altera\u00e7\u00e3o de cor.<\/p>\n<hr data-start=\"689\" data-end=\"692\" \/>\n<p data-start=\"694\" data-end=\"722\"><strong data-start=\"694\" data-end=\"722\">Prepara\u00e7\u00e3o da superf\u00edcie<\/strong><\/p>\n<p data-start=\"724\" data-end=\"806\">A superf\u00edcie deve estar limpa, seca e livre de poeiras, ceras, resinas ou umidade.<\/p>\n<hr data-start=\"808\" data-end=\"811\" \/>\n<p data-start=\"813\" data-end=\"837\"><strong data-start=\"813\" data-end=\"837\">Aplica\u00e7\u00e3o do produto<\/strong><\/p>\n<p data-start=\"839\" data-end=\"969\">Aplicar o produto de forma uniforme com aux\u00edlio de rolo, pincel, estopa ou pulverizador, garantindo total cobertura da superf\u00edcie.<\/p>\n<hr data-start=\"971\" data-end=\"974\" \/>\n<p data-start=\"976\" data-end=\"995\"><strong data-start=\"976\" data-end=\"995\">A\u00e7\u00e3o do produto<\/strong><\/p>\n<p data-start=\"997\" data-end=\"1134\">Sua formula\u00e7\u00e3o com nanotecnologia permite penetra\u00e7\u00e3o profunda nos poros do material, formando uma barreira invis\u00edvel de alta performance.<\/p>\n<p data-start=\"1136\" data-end=\"1246\">Atua na preven\u00e7\u00e3o de manchas e na prote\u00e7\u00e3o contra impregna\u00e7\u00e3o de resinas que podem causar altera\u00e7\u00e3o crom\u00e1tica.<\/p>\n<hr data-start=\"1248\" data-end=\"1251\" \/>\n<p data-start=\"1253\" data-end=\"1267\"><strong data-start=\"1253\" data-end=\"1267\">Desempenho<\/strong><\/p>\n<p data-start=\"1269\" data-end=\"1326\">Especialmente indicado para materiais de alta porosidade.<\/p>\n<p data-start=\"1328\" data-end=\"1390\">Mant\u00e9m o aspecto natural da superf\u00edcie, sem forma\u00e7\u00e3o de filme.<\/p>\n<hr data-start=\"1392\" data-end=\"1395\" \/>\n<p data-start=\"1397\" data-end=\"1412\"><strong data-start=\"1397\" data-end=\"1412\">Observa\u00e7\u00f5es<\/strong><\/p>\n<p data-start=\"1414\" data-end=\"1477\">Recomenda-se realizar teste pr\u00e9vio antes da aplica\u00e7\u00e3o completa.<\/p>\n<p data-start=\"1479\" data-end=\"1526\">Produto indicado para uso t\u00e9cnico\/profissional.<\/p>\n<hr data-start=\"1528\" data-end=\"1531\" \/>\n<p data-start=\"1533\" data-end=\"1547\"><strong data-start=\"1533\" data-end=\"1547\">Rendimento<\/strong><\/p>\n<p data-start=\"1549\" data-end=\"1624\" data-is-last-node=\"\" data-is-only-node=\"\">O rendimento varia conforme a porosidade do material e m\u00e9todo de aplica\u00e7\u00e3o.<\/p>\n<\/div>\n<\/div>\n<\/div>\n<\/div>\n<\/div>\n<\/div>\n<\/section>\n<\/div>\n<hr \/>\n<h5 class=\"no-margin\">Downloads<\/h5>\n<hr \/>\n<ul>\n<li><strong><a href=\"#\" target=\"_blank\" rel=\"noopener noreferrer\">Ficha T\u00e9cnica do Produto<\/a><\/strong><\/li>\n<li><strong><a href=\"#\" target=\"_blank\" rel=\"noopener noreferrer\">Ficha de Seguran\u00e7a \u2013\u00a0FISPQ<\/a><\/strong><\/li>\n<\/ul>\n","protected":false},"excerpt":{"rendered":"<p>Hidro-\u00d3leorepelente de Penetra\u00e7\u00e3o com nanotecnologia, desenvolvido como uma barreira transparente de alta performance. \u00c9 especialmente indicado para a prote\u00e7\u00e3o de superf\u00edcies de elevada porosidade, prevenindo a altera\u00e7\u00e3o crom\u00e1tica superficial que pode ser induzida pela impregna\u00e7\u00e3o de resinas.<\/p>\n","protected":false},"featured_media":1001234,"template":"","meta":[],"product_brand":[106],"product_cat":[113],"product_tag":[],"class_list":{"0":"post-1001233","1":"product","2":"type-product","3":"status-publish","4":"has-post-thumbnail","6":"product_brand-bellinzoni","7":"product_cat-industrial","9":"first","10":"instock","11":"virtual","12":"product-type-simple"},"_links":{"self":[{"href":"https:\/\/bellinzoni.net\/pt\/wp-json\/wp\/v2\/product\/1001233","targetHints":{"allow":["GET"]}}],"collection":[{"href":"https:\/\/bellinzoni.net\/pt\/wp-json\/wp\/v2\/product"}],"about":[{"href":"https:\/\/bellinzoni.net\/pt\/wp-json\/wp\/v2\/types\/product"}],"version-history":[{"count":2,"href":"https:\/\/bellinzoni.net\/pt\/wp-json\/wp\/v2\/product\/1001233\/revisions"}],"predecessor-version":[{"id":1002236,"href":"https:\/\/bellinzoni.net\/pt\/wp-json\/wp\/v2\/product\/1001233\/revisions\/1002236"}],"wp:featuredmedia":[{"embeddable":true,"href":"https:\/\/bellinzoni.net\/pt\/wp-json\/wp\/v2\/media\/1001234"}],"wp:attachment":[{"href":"https:\/\/bellinzoni.net\/pt\/wp-json\/wp\/v2\/media?parent=1001233"}],"wp:term":[{"taxonomy":"product_brand","embeddable":true,"href":"https:\/\/bellinzoni.net\/pt\/wp-json\/wp\/v2\/product_brand?post=1001233"},{"taxonomy":"product_cat","embeddable":true,"href":"https:\/\/bellinzoni.net\/pt\/wp-json\/wp\/v2\/product_cat?post=1001233"},{"taxonomy":"product_tag","embeddable":true,"href":"https:\/\/bellinzoni.net\/pt\/wp-json\/wp\/v2\/product_tag?post=1001233"}],"curies":[{"name":"wp","href":"https:\/\/api.w.org\/{rel}","templated":true}]}}