{"id":1001236,"date":"2026-02-22T18:09:58","date_gmt":"2026-02-22T18:09:58","guid":{"rendered":"https:\/\/bellinzoni.net\/pt\/?post_type=product&#038;p=1001236"},"modified":"2026-03-18T19:34:37","modified_gmt":"2026-03-18T19:34:37","slug":"idea-stoneager-industrial","status":"publish","type":"product","link":"https:\/\/bellinzoni.net\/pt\/produto\/idea-stoneager-industrial\/","title":{"rendered":"Idea Stoneager"},"content":{"rendered":"<div class=\"flex flex-col text-sm pb-25\">\n<section class=\"text-token-text-primary w-full focus:outline-none [--shadow-height:45px] has-data-writing-block:pointer-events-none has-data-writing-block:-mt-(--shadow-height) has-data-writing-block:pt-(--shadow-height) [&amp;:has([data-writing-block])&gt;*]:pointer-events-auto scroll-mt-[calc(var(--header-height)+min(200px,max(70px,20svh)))]\" dir=\"auto\" data-turn-id=\"request-69b7f979-be64-8329-a0b1-b177f97d4070-2\" data-testid=\"conversation-turn-312\" data-scroll-anchor=\"true\" data-turn=\"assistant\">\n<div class=\"text-base my-auto mx-auto pb-10 [--thread-content-margin:var(--thread-content-margin-xs,calc(var(--spacing)*4))] @w-sm\/main:[--thread-content-margin:var(--thread-content-margin-sm,calc(var(--spacing)*6))] @w-lg\/main:[--thread-content-margin:var(--thread-content-margin-lg,calc(var(--spacing)*16))] px-(--thread-content-margin)\">\n<div class=\"[--thread-content-max-width:40rem] @w-lg\/main:[--thread-content-max-width:48rem] mx-auto max-w-(--thread-content-max-width) flex-1 group\/turn-messages focus-visible:outline-hidden relative flex w-full min-w-0 flex-col agent-turn\">\n<div class=\"flex max-w-full flex-col gap-4 grow\">\n<div class=\"min-h-8 text-message relative flex w-full flex-col items-end gap-2 text-start break-words whitespace-normal outline-none keyboard-focused:focus-ring [.text-message+&amp;]:mt-1\" dir=\"auto\" tabindex=\"0\" data-message-author-role=\"assistant\" data-message-id=\"1aed2c4d-b806-421d-b361-47714e52482a\" data-message-model-slug=\"gpt-5-3\" data-turn-start-message=\"true\">\n<div class=\"flex w-full flex-col gap-1 empty:hidden\">\n<div class=\"markdown prose dark:prose-invert w-full wrap-break-word dark markdown-new-styling\">\n<p data-start=\"243\" data-end=\"317\"><strong data-start=\"243\" data-end=\"256\">Descri\u00e7\u00e3o<\/strong><br data-start=\"256\" data-end=\"259\" \/>C\u00f3digo do Produto: 5 Litros \u2013 P242390 | 20 Litros \u2013 230650<\/p>\n<hr data-start=\"319\" data-end=\"322\" \/>\n<p data-start=\"324\" data-end=\"407\"><strong data-start=\"324\" data-end=\"352\">Superf\u00edcies de Aplica\u00e7\u00e3o<\/strong><br data-start=\"352\" data-end=\"355\" \/>M\u00e1rmores<br data-start=\"363\" data-end=\"366\" \/>Quartzitos<br data-start=\"376\" data-end=\"379\" \/>Granitos<br data-start=\"387\" data-end=\"390\" \/>Pedras em Geral<\/p>\n<hr data-start=\"409\" data-end=\"412\" \/>\n<p data-start=\"414\" data-end=\"428\"><strong data-start=\"414\" data-end=\"428\">Finalidade<\/strong><\/p>\n<p data-start=\"430\" data-end=\"574\">Indicado para intensificar e uniformizar a cor natural de materiais, especialmente superf\u00edcies escuras, promovendo um efeito v\u00edvido e duradouro.<\/p>\n<hr data-start=\"576\" data-end=\"579\" \/>\n<p data-start=\"581\" data-end=\"602\"><strong data-start=\"581\" data-end=\"602\">Instru\u00e7\u00f5es de Uso<\/strong><\/p>\n<p data-start=\"604\" data-end=\"632\"><strong data-start=\"604\" data-end=\"632\">Prepara\u00e7\u00e3o da superf\u00edcie<\/strong><\/p>\n<p data-start=\"634\" data-end=\"718\">A superf\u00edcie deve estar limpa, seca e livre de poeiras, ceras ou quaisquer res\u00edduos.<\/p>\n<hr data-start=\"720\" data-end=\"723\" \/>\n<p data-start=\"725\" data-end=\"749\"><strong data-start=\"725\" data-end=\"749\">Aplica\u00e7\u00e3o do produto<\/strong><\/p>\n<p data-start=\"751\" data-end=\"880\">Aplicar o produto de forma uniforme sobre a superf\u00edcie com aux\u00edlio de rolo de espuma, estopa ou pano, garantindo total cobertura.<\/p>\n<p data-start=\"882\" data-end=\"961\">Espalhar bem o produto para evitar excessos e garantir um acabamento homog\u00eaneo.<\/p>\n<hr data-start=\"963\" data-end=\"966\" \/>\n<p data-start=\"968\" data-end=\"987\"><strong data-start=\"968\" data-end=\"987\">A\u00e7\u00e3o do produto<\/strong><\/p>\n<p data-start=\"989\" data-end=\"1085\">Penetra profundamente nos materiais, real\u00e7ando a cor natural e eliminando o aspecto acinzentado.<\/p>\n<p data-start=\"1087\" data-end=\"1167\">Atua na redu\u00e7\u00e3o visual de microfissuras, promovendo maior uniformidade est\u00e9tica.<\/p>\n<hr data-start=\"1169\" data-end=\"1172\" \/>\n<p data-start=\"1174\" data-end=\"1188\"><strong data-start=\"1174\" data-end=\"1188\">Desempenho<\/strong><\/p>\n<p data-start=\"1190\" data-end=\"1265\">Proporciona efeito de cor mais intensa e viva, com durabilidade prolongada.<\/p>\n<p data-start=\"1267\" data-end=\"1324\">Em materiais polidos, promove tamb\u00e9m um brilho duradouro.<\/p>\n<p data-start=\"1326\" data-end=\"1374\">Atua como barreira protetora contra \u00e1gua e \u00f3leo.<\/p>\n<hr data-start=\"1376\" data-end=\"1379\" \/>\n<p data-start=\"1381\" data-end=\"1396\"><strong data-start=\"1381\" data-end=\"1396\">Observa\u00e7\u00f5es<\/strong><\/p>\n<p data-start=\"1398\" data-end=\"1461\">Recomenda-se realizar teste pr\u00e9vio antes da aplica\u00e7\u00e3o completa.<\/p>\n<p data-start=\"1463\" data-end=\"1502\">Produto indicado para uso profissional.<\/p>\n<hr data-start=\"1504\" data-end=\"1507\" \/>\n<p data-start=\"1509\" data-end=\"1523\"><strong data-start=\"1509\" data-end=\"1523\">Rendimento<\/strong><\/p>\n<p data-start=\"1525\" data-end=\"1600\" data-is-last-node=\"\" data-is-only-node=\"\">O rendimento pode variar de acordo com a porosidade e absor\u00e7\u00e3o do material.<\/p>\n<\/div>\n<\/div>\n<\/div>\n<\/div>\n<\/div>\n<\/div>\n<\/section>\n<\/div>\n<hr \/>\n<h5 class=\"no-margin\">Downloads<\/h5>\n<hr \/>\n<ul>\n<li><strong><a href=\"#\" target=\"_blank\" rel=\"noopener noreferrer\">Ficha T\u00e9cnica do Produto<\/a><\/strong><\/li>\n<li><strong><a href=\"#\" target=\"_blank\" rel=\"noopener noreferrer\">Ficha de Seguran\u00e7a \u2013\u00a0FISPQ<\/a><\/strong><\/li>\n<\/ul>\n","protected":false},"excerpt":{"rendered":"<p>Intensificador e ativador de cor, proporciona uma maior uniformidade \u00e0 cor natural, penetra profundamente nos materiais escuros promovendo um efeito v\u00edvido duradouro. STONEAGER INDUSTRIAL elimina o efeito acinzentado dos materiais escuros, elimina o efeito de microfissuras. Em materiais polidos promove um brilho duradouro. Sua a\u00e7\u00e3o como ativador de cor, age tamb\u00e9m na blindagem contra \u00e1gua e \u00f3leo.<\/p>\n","protected":false},"featured_media":1001237,"template":"","meta":[],"product_brand":[106],"product_cat":[113],"product_tag":[],"class_list":{"0":"post-1001236","1":"product","2":"type-product","3":"status-publish","4":"has-post-thumbnail","6":"product_brand-bellinzoni","7":"product_cat-industrial","9":"first","10":"instock","11":"virtual","12":"product-type-simple"},"_links":{"self":[{"href":"https:\/\/bellinzoni.net\/pt\/wp-json\/wp\/v2\/product\/1001236","targetHints":{"allow":["GET"]}}],"collection":[{"href":"https:\/\/bellinzoni.net\/pt\/wp-json\/wp\/v2\/product"}],"about":[{"href":"https:\/\/bellinzoni.net\/pt\/wp-json\/wp\/v2\/types\/product"}],"version-history":[{"count":3,"href":"https:\/\/bellinzoni.net\/pt\/wp-json\/wp\/v2\/product\/1001236\/revisions"}],"predecessor-version":[{"id":1002242,"href":"https:\/\/bellinzoni.net\/pt\/wp-json\/wp\/v2\/product\/1001236\/revisions\/1002242"}],"wp:featuredmedia":[{"embeddable":true,"href":"https:\/\/bellinzoni.net\/pt\/wp-json\/wp\/v2\/media\/1001237"}],"wp:attachment":[{"href":"https:\/\/bellinzoni.net\/pt\/wp-json\/wp\/v2\/media?parent=1001236"}],"wp:term":[{"taxonomy":"product_brand","embeddable":true,"href":"https:\/\/bellinzoni.net\/pt\/wp-json\/wp\/v2\/product_brand?post=1001236"},{"taxonomy":"product_cat","embeddable":true,"href":"https:\/\/bellinzoni.net\/pt\/wp-json\/wp\/v2\/product_cat?post=1001236"},{"taxonomy":"product_tag","embeddable":true,"href":"https:\/\/bellinzoni.net\/pt\/wp-json\/wp\/v2\/product_tag?post=1001236"}],"curies":[{"name":"wp","href":"https:\/\/api.w.org\/{rel}","templated":true}]}}