{"id":1001242,"date":"2026-02-22T18:17:32","date_gmt":"2026-02-22T18:17:32","guid":{"rendered":"https:\/\/bellinzoni.net\/pt\/?post_type=product&#038;p=1001242"},"modified":"2026-03-18T19:29:48","modified_gmt":"2026-03-18T19:29:48","slug":"org-remover-premium","status":"publish","type":"product","link":"https:\/\/bellinzoni.net\/pt\/produto\/org-remover-premium\/","title":{"rendered":"Org Remover Premium"},"content":{"rendered":"<div class=\"flex flex-col text-sm pb-25\">\n<section class=\"text-token-text-primary w-full focus:outline-none [--shadow-height:45px] has-data-writing-block:pointer-events-none has-data-writing-block:-mt-(--shadow-height) has-data-writing-block:pt-(--shadow-height) [&amp;:has([data-writing-block])&gt;*]:pointer-events-auto scroll-mt-[calc(var(--header-height)+min(200px,max(70px,20svh)))]\" dir=\"auto\" data-turn-id=\"request-69b7f979-be64-8329-a0b1-b177f97d4070-1\" data-testid=\"conversation-turn-310\" data-scroll-anchor=\"true\" data-turn=\"assistant\">\n<div class=\"text-base my-auto mx-auto pb-10 [--thread-content-margin:var(--thread-content-margin-xs,calc(var(--spacing)*4))] @w-sm\/main:[--thread-content-margin:var(--thread-content-margin-sm,calc(var(--spacing)*6))] @w-lg\/main:[--thread-content-margin:var(--thread-content-margin-lg,calc(var(--spacing)*16))] px-(--thread-content-margin)\">\n<div class=\"[--thread-content-max-width:40rem] @w-lg\/main:[--thread-content-max-width:48rem] mx-auto max-w-(--thread-content-max-width) flex-1 group\/turn-messages focus-visible:outline-hidden relative flex w-full min-w-0 flex-col agent-turn\">\n<div class=\"flex max-w-full flex-col gap-4 grow\">\n<div class=\"min-h-8 text-message relative flex w-full flex-col items-end gap-2 text-start break-words whitespace-normal outline-none keyboard-focused:focus-ring [.text-message+&amp;]:mt-1\" dir=\"auto\" tabindex=\"0\" data-message-author-role=\"assistant\" data-message-id=\"b91e0c9e-175d-40b1-883f-0e609a0fb76e\" data-message-model-slug=\"gpt-5-3\" data-turn-start-message=\"true\">\n<div class=\"flex w-full flex-col gap-1 empty:hidden\">\n<div class=\"markdown prose dark:prose-invert w-full wrap-break-word dark markdown-new-styling\">\n<p data-start=\"233\" data-end=\"307\"><strong data-start=\"233\" data-end=\"246\">Descri\u00e7\u00e3o<\/strong><br data-start=\"246\" data-end=\"249\" \/>C\u00f3digo do Produto: 5 Litros \u2013 P242519 | 20 Litros \u2013 230650<\/p>\n<hr data-start=\"309\" data-end=\"312\" \/>\n<p data-start=\"314\" data-end=\"397\"><strong data-start=\"314\" data-end=\"342\">Superf\u00edcies de Aplica\u00e7\u00e3o<\/strong><br data-start=\"342\" data-end=\"345\" \/>M\u00e1rmores<br data-start=\"353\" data-end=\"356\" \/>Quartzitos<br data-start=\"366\" data-end=\"369\" \/>Granitos<br data-start=\"377\" data-end=\"380\" \/>Pedras em Geral<\/p>\n<hr data-start=\"399\" data-end=\"402\" \/>\n<p data-start=\"404\" data-end=\"418\"><strong data-start=\"404\" data-end=\"418\">Finalidade<\/strong><\/p>\n<p data-start=\"420\" data-end=\"538\">Indicado para remo\u00e7\u00e3o de oxida\u00e7\u00f5es, impurezas e manchas amareladas e amarronzadas, especialmente comuns em quartzitos.<\/p>\n<hr data-start=\"540\" data-end=\"543\" \/>\n<p data-start=\"545\" data-end=\"566\"><strong data-start=\"545\" data-end=\"566\">Instru\u00e7\u00f5es de Uso<\/strong><\/p>\n<p data-start=\"568\" data-end=\"596\"><strong data-start=\"568\" data-end=\"596\">Prepara\u00e7\u00e3o da superf\u00edcie<\/strong><\/p>\n<p data-start=\"598\" data-end=\"667\">A superf\u00edcie deve estar limpa, seca e livre de sujeiras superficiais.<\/p>\n<hr data-start=\"669\" data-end=\"672\" \/>\n<p data-start=\"674\" data-end=\"699\"><strong data-start=\"674\" data-end=\"699\">Prepara\u00e7\u00e3o do produto<\/strong><\/p>\n<p data-start=\"701\" data-end=\"814\">Por se tratar de um sistema bicomponente, misturar os componentes conforme orienta\u00e7\u00e3o t\u00e9cnica antes da aplica\u00e7\u00e3o.<\/p>\n<hr data-start=\"816\" data-end=\"819\" \/>\n<p data-start=\"821\" data-end=\"845\"><strong data-start=\"821\" data-end=\"845\">Aplica\u00e7\u00e3o do produto<\/strong><\/p>\n<p data-start=\"847\" data-end=\"952\">Aplicar a mistura de forma uniforme sobre a \u00e1rea a ser tratada, garantindo total cobertura da superf\u00edcie.<\/p>\n<hr data-start=\"954\" data-end=\"957\" \/>\n<p data-start=\"959\" data-end=\"978\"><strong data-start=\"959\" data-end=\"978\">A\u00e7\u00e3o do produto<\/strong><\/p>\n<p data-start=\"980\" data-end=\"1109\">O produto promove uma rea\u00e7\u00e3o de oxirredu\u00e7\u00e3o (redox) acelerada, associada \u00e0 a\u00e7\u00e3o efervescente, auxiliando na quebra das oxida\u00e7\u00f5es.<\/p>\n<p data-start=\"1111\" data-end=\"1207\">Durante o processo, as sujidades s\u00e3o colocadas em suspens\u00e3o (flota\u00e7\u00e3o), facilitando sua remo\u00e7\u00e3o.<\/p>\n<hr data-start=\"1209\" data-end=\"1212\" \/>\n<p data-start=\"1214\" data-end=\"1228\"><strong data-start=\"1214\" data-end=\"1228\">Desempenho<\/strong><\/p>\n<p data-start=\"1230\" data-end=\"1315\">Alta efici\u00eancia na remo\u00e7\u00e3o de manchas amarelas e marrons, com a\u00e7\u00e3o r\u00e1pida e profunda.<\/p>\n<p data-start=\"1317\" data-end=\"1367\">Indicado para aplica\u00e7\u00f5es t\u00e9cnicas e profissionais.<\/p>\n<hr data-start=\"1369\" data-end=\"1372\" \/>\n<p data-start=\"1374\" data-end=\"1389\"><strong data-start=\"1374\" data-end=\"1389\">Observa\u00e7\u00f5es<\/strong><\/p>\n<p data-start=\"1391\" data-end=\"1448\">Realizar sempre um teste pr\u00e9vio antes da aplica\u00e7\u00e3o total.<\/p>\n<p data-start=\"1450\" data-end=\"1488\">Produto destinado ao uso profissional.<\/p>\n<hr data-start=\"1490\" data-end=\"1493\" \/>\n<p data-start=\"1495\" data-end=\"1509\"><strong data-start=\"1495\" data-end=\"1509\">Rendimento<\/strong><\/p>\n<p data-start=\"1511\" data-end=\"1595\" data-is-last-node=\"\" data-is-only-node=\"\">O rendimento pode variar conforme a intensidade das manchas e o m\u00e9todo de aplica\u00e7\u00e3o.<\/p>\n<\/div>\n<\/div>\n<\/div>\n<\/div>\n<\/div>\n<\/div>\n<\/section>\n<\/div>\n<hr \/>\n<h5 class=\"no-margin\">Downloads<\/h5>\n<hr \/>\n<ul>\n<li><strong><a href=\"#\" target=\"_blank\" rel=\"noopener noreferrer\">Ficha T\u00e9cnica do Produto<\/a><\/strong><\/li>\n<li><strong><a href=\"#\" target=\"_blank\" rel=\"noopener noreferrer\">Ficha de Seguran\u00e7a \u2013\u00a0FISPQ<\/a><\/strong><\/li>\n<\/ul>\n","protected":false},"excerpt":{"rendered":"<p>Agente flotador oxidante bicomponente de a\u00e7\u00e3o r\u00e1pida e catalisada que utiliza uma rea\u00e7\u00e3o redox acelerada e efervesc\u00eancia para remover eficazmente oxida\u00e7\u00f5es, impurezas e manchas amarelas e marrons de quartzitos, deixando as sujidades em suspens\u00e3o<\/p>\n","protected":false},"featured_media":1001244,"template":"","meta":[],"product_brand":[106],"product_cat":[113],"product_tag":[],"class_list":{"0":"post-1001242","1":"product","2":"type-product","3":"status-publish","4":"has-post-thumbnail","6":"product_brand-bellinzoni","7":"product_cat-industrial","9":"first","10":"instock","11":"virtual","12":"product-type-simple"},"_links":{"self":[{"href":"https:\/\/bellinzoni.net\/pt\/wp-json\/wp\/v2\/product\/1001242","targetHints":{"allow":["GET"]}}],"collection":[{"href":"https:\/\/bellinzoni.net\/pt\/wp-json\/wp\/v2\/product"}],"about":[{"href":"https:\/\/bellinzoni.net\/pt\/wp-json\/wp\/v2\/types\/product"}],"version-history":[{"count":4,"href":"https:\/\/bellinzoni.net\/pt\/wp-json\/wp\/v2\/product\/1001242\/revisions"}],"predecessor-version":[{"id":1002241,"href":"https:\/\/bellinzoni.net\/pt\/wp-json\/wp\/v2\/product\/1001242\/revisions\/1002241"}],"wp:featuredmedia":[{"embeddable":true,"href":"https:\/\/bellinzoni.net\/pt\/wp-json\/wp\/v2\/media\/1001244"}],"wp:attachment":[{"href":"https:\/\/bellinzoni.net\/pt\/wp-json\/wp\/v2\/media?parent=1001242"}],"wp:term":[{"taxonomy":"product_brand","embeddable":true,"href":"https:\/\/bellinzoni.net\/pt\/wp-json\/wp\/v2\/product_brand?post=1001242"},{"taxonomy":"product_cat","embeddable":true,"href":"https:\/\/bellinzoni.net\/pt\/wp-json\/wp\/v2\/product_cat?post=1001242"},{"taxonomy":"product_tag","embeddable":true,"href":"https:\/\/bellinzoni.net\/pt\/wp-json\/wp\/v2\/product_tag?post=1001242"}],"curies":[{"name":"wp","href":"https:\/\/api.w.org\/{rel}","templated":true}]}}