{"id":1001246,"date":"2026-02-22T18:20:22","date_gmt":"2026-02-22T18:20:22","guid":{"rendered":"https:\/\/bellinzoni.net\/pt\/?post_type=product&#038;p=1001246"},"modified":"2026-03-18T19:16:23","modified_gmt":"2026-03-18T19:16:23","slug":"org-remover-ultra","status":"publish","type":"product","link":"https:\/\/bellinzoni.net\/pt\/produto\/org-remover-ultra\/","title":{"rendered":"Org Remover Ultra"},"content":{"rendered":"<p data-start=\"282\" data-end=\"356\"><strong data-start=\"282\" data-end=\"295\">Descri\u00e7\u00e3o<\/strong><br data-start=\"295\" data-end=\"298\" \/>C\u00f3digo do Produto: 5 Litros \u2013 P243310 | 20 Litros \u2013 230650<\/p>\n<hr data-start=\"358\" data-end=\"361\" \/>\n<p data-start=\"363\" data-end=\"446\"><strong data-start=\"363\" data-end=\"391\">Superf\u00edcies de Aplica\u00e7\u00e3o<\/strong><br data-start=\"391\" data-end=\"394\" \/>M\u00e1rmores<br data-start=\"402\" data-end=\"405\" \/>Quartzitos<br data-start=\"415\" data-end=\"418\" \/>Granitos<br data-start=\"426\" data-end=\"429\" \/>Pedras em Geral<\/p>\n<hr data-start=\"448\" data-end=\"451\" \/>\n<p data-start=\"453\" data-end=\"474\"><strong data-start=\"453\" data-end=\"474\">Instru\u00e7\u00f5es de Uso<\/strong><\/p>\n<p data-start=\"476\" data-end=\"496\"><strong data-start=\"476\" data-end=\"496\">Indica\u00e7\u00e3o de uso<\/strong><\/p>\n<p data-start=\"498\" data-end=\"618\">Produto indicado para remo\u00e7\u00e3o de oxida\u00e7\u00f5es, impurezas e manchas amareladas ou amarronzadas, especialmente em quartzitos.<\/p>\n<hr data-start=\"620\" data-end=\"623\" \/>\n<p data-start=\"625\" data-end=\"653\"><strong data-start=\"625\" data-end=\"653\">Prepara\u00e7\u00e3o da superf\u00edcie<\/strong><\/p>\n<p data-start=\"655\" data-end=\"718\">A superf\u00edcie deve estar limpa e livre de sujeiras superficiais.<\/p>\n<hr data-start=\"720\" data-end=\"723\" \/>\n<p data-start=\"725\" data-end=\"750\"><strong data-start=\"725\" data-end=\"750\">Prepara\u00e7\u00e3o do produto<\/strong><\/p>\n<p data-start=\"752\" data-end=\"866\">Produto bicomponente: realizar a mistura conforme orienta\u00e7\u00e3o t\u00e9cnica, garantindo homogeneidade antes da aplica\u00e7\u00e3o.<\/p>\n<hr data-start=\"868\" data-end=\"871\" \/>\n<p data-start=\"873\" data-end=\"897\"><strong data-start=\"873\" data-end=\"897\">Aplica\u00e7\u00e3o do produto<\/strong><\/p>\n<p data-start=\"899\" data-end=\"1027\">Aplicar o produto de forma uniforme sobre a superf\u00edcie, inclusive em \u00e1reas verticais, onde sua formula\u00e7\u00e3o garante boa ader\u00eancia.<\/p>\n<hr data-start=\"1029\" data-end=\"1032\" \/>\n<p data-start=\"1034\" data-end=\"1053\"><strong data-start=\"1034\" data-end=\"1053\">A\u00e7\u00e3o do produto<\/strong><\/p>\n<p data-start=\"1055\" data-end=\"1164\">Promove rea\u00e7\u00e3o de oxirredu\u00e7\u00e3o (redox) com libera\u00e7\u00e3o de oxig\u00eanio, atuando na remo\u00e7\u00e3o de oxida\u00e7\u00f5es e impurezas.<\/p>\n<p data-start=\"1166\" data-end=\"1257\">Durante o processo, ocorre a flota\u00e7\u00e3o das sujidades, facilitando sua remo\u00e7\u00e3o da superf\u00edcie.<\/p>\n<hr data-start=\"1259\" data-end=\"1262\" \/>\n<p data-start=\"1264\" data-end=\"1278\"><strong data-start=\"1264\" data-end=\"1278\">Desempenho<\/strong><\/p>\n<p data-start=\"1280\" data-end=\"1350\">Eficaz na remo\u00e7\u00e3o de manchas amarelas e marrons, comuns em quartzitos.<\/p>\n<p data-start=\"1352\" data-end=\"1425\">Indicado para aplica\u00e7\u00f5es t\u00e9cnicas em superf\u00edcies verticais e horizontais.<\/p>\n<hr data-start=\"1427\" data-end=\"1430\" \/>\n<p data-start=\"1432\" data-end=\"1447\"><strong data-start=\"1432\" data-end=\"1447\">Observa\u00e7\u00f5es<\/strong><\/p>\n<p data-start=\"1449\" data-end=\"1512\">Recomenda-se realizar teste pr\u00e9vio antes da aplica\u00e7\u00e3o completa.<\/p>\n<p data-start=\"1514\" data-end=\"1561\">Produto indicado para uso t\u00e9cnico\/profissional.<\/p>\n<hr data-start=\"1563\" data-end=\"1566\" \/>\n<p data-start=\"1568\" data-end=\"1582\"><strong data-start=\"1568\" data-end=\"1582\">Rendimento<\/strong><\/p>\n<p data-start=\"1584\" data-end=\"1662\" data-is-last-node=\"\" data-is-only-node=\"\">O rendimento varia conforme a intensidade das manchas e o m\u00e9todo de aplica\u00e7\u00e3o.<\/p>\n<hr \/>\n<h5 class=\"no-margin\">Downloads<\/h5>\n<hr \/>\n<ul>\n<li><strong><a href=\"#\" target=\"_blank\" rel=\"noopener noreferrer\">Ficha T\u00e9cnica do Produto<\/a><\/strong><\/li>\n<li><strong><a href=\"#\" target=\"_blank\" rel=\"noopener noreferrer\">Ficha de Seguran\u00e7a \u2013\u00a0FISPQ<\/a><\/strong><\/li>\n<\/ul>\n","protected":false},"excerpt":{"rendered":"<p>Emuls\u00e3o oxidante bicomponente que adere a superf\u00edcies verticais para acelerar uma rea\u00e7\u00e3o redox com libera\u00e7\u00e3o de oxig\u00eanio, removendo eficazmente oxida\u00e7\u00f5es, impurezas e manchas amarelas e marrons de quartzitos atrav\u00e9s da flota\u00e7\u00e3o das sujidades.<\/p>\n","protected":false},"featured_media":1001247,"template":"","meta":[],"product_brand":[106],"product_cat":[113],"product_tag":[],"class_list":{"0":"post-1001246","1":"product","2":"type-product","3":"status-publish","4":"has-post-thumbnail","6":"product_brand-bellinzoni","7":"product_cat-industrial","9":"first","10":"instock","11":"virtual","12":"product-type-simple"},"_links":{"self":[{"href":"https:\/\/bellinzoni.net\/pt\/wp-json\/wp\/v2\/product\/1001246","targetHints":{"allow":["GET"]}}],"collection":[{"href":"https:\/\/bellinzoni.net\/pt\/wp-json\/wp\/v2\/product"}],"about":[{"href":"https:\/\/bellinzoni.net\/pt\/wp-json\/wp\/v2\/types\/product"}],"version-history":[{"count":2,"href":"https:\/\/bellinzoni.net\/pt\/wp-json\/wp\/v2\/product\/1001246\/revisions"}],"predecessor-version":[{"id":1002235,"href":"https:\/\/bellinzoni.net\/pt\/wp-json\/wp\/v2\/product\/1001246\/revisions\/1002235"}],"wp:featuredmedia":[{"embeddable":true,"href":"https:\/\/bellinzoni.net\/pt\/wp-json\/wp\/v2\/media\/1001247"}],"wp:attachment":[{"href":"https:\/\/bellinzoni.net\/pt\/wp-json\/wp\/v2\/media?parent=1001246"}],"wp:term":[{"taxonomy":"product_brand","embeddable":true,"href":"https:\/\/bellinzoni.net\/pt\/wp-json\/wp\/v2\/product_brand?post=1001246"},{"taxonomy":"product_cat","embeddable":true,"href":"https:\/\/bellinzoni.net\/pt\/wp-json\/wp\/v2\/product_cat?post=1001246"},{"taxonomy":"product_tag","embeddable":true,"href":"https:\/\/bellinzoni.net\/pt\/wp-json\/wp\/v2\/product_tag?post=1001246"}],"curies":[{"name":"wp","href":"https:\/\/api.w.org\/{rel}","templated":true}]}}