{"id":1001249,"date":"2026-02-22T18:22:25","date_gmt":"2026-02-22T18:22:25","guid":{"rendered":"https:\/\/bellinzoni.net\/pt\/?post_type=product&#038;p=1001249"},"modified":"2026-03-18T19:11:43","modified_gmt":"2026-03-18T19:11:43","slug":"ph-reset","status":"publish","type":"product","link":"https:\/\/bellinzoni.net\/pt\/produto\/ph-reset\/","title":{"rendered":"pH Reset"},"content":{"rendered":"<p data-start=\"253\" data-end=\"327\"><strong data-start=\"253\" data-end=\"266\">Descri\u00e7\u00e3o<\/strong><br data-start=\"266\" data-end=\"269\" \/>C\u00f3digo do Produto: 5 Litros \u2013 P242152 | 20 Litros \u2013 230650<\/p>\n<hr data-start=\"329\" data-end=\"332\" \/>\n<p data-start=\"334\" data-end=\"417\"><strong data-start=\"334\" data-end=\"362\">Superf\u00edcies de Aplica\u00e7\u00e3o<\/strong><br data-start=\"362\" data-end=\"365\" \/>M\u00e1rmores<br data-start=\"373\" data-end=\"376\" \/>Quartzitos<br data-start=\"386\" data-end=\"389\" \/>Granitos<br data-start=\"397\" data-end=\"400\" \/>Pedras em Geral<\/p>\n<hr data-start=\"419\" data-end=\"422\" \/>\n<p data-start=\"424\" data-end=\"445\"><strong data-start=\"424\" data-end=\"445\">Instru\u00e7\u00f5es de Uso<\/strong><\/p>\n<p data-start=\"447\" data-end=\"467\"><strong data-start=\"447\" data-end=\"467\">Indica\u00e7\u00e3o de uso<\/strong><\/p>\n<p data-start=\"469\" data-end=\"589\">Produto indicado para neutraliza\u00e7\u00e3o e estabiliza\u00e7\u00e3o de superf\u00edcies ap\u00f3s tratamentos com \u00e1cidos org\u00e2nicos ou inorg\u00e2nicos.<\/p>\n<hr data-start=\"591\" data-end=\"594\" \/>\n<p data-start=\"596\" data-end=\"624\"><strong data-start=\"596\" data-end=\"624\">Prepara\u00e7\u00e3o da superf\u00edcie<\/strong><\/p>\n<p data-start=\"626\" data-end=\"700\">Certifique-se de que a superf\u00edcie esteja limpa e livre de res\u00edduos soltos.<\/p>\n<hr data-start=\"702\" data-end=\"705\" \/>\n<p data-start=\"707\" data-end=\"731\"><strong data-start=\"707\" data-end=\"731\">Aplica\u00e7\u00e3o do produto<\/strong><\/p>\n<p data-start=\"733\" data-end=\"833\">Aplicar o produto de forma uniforme sobre a superf\u00edcie, garantindo contato total com a \u00e1rea tratada.<\/p>\n<hr data-start=\"835\" data-end=\"838\" \/>\n<p data-start=\"840\" data-end=\"859\"><strong data-start=\"840\" data-end=\"859\">A\u00e7\u00e3o do produto<\/strong><\/p>\n<p data-start=\"861\" data-end=\"946\">Atua promovendo o equil\u00edbrio i\u00f4nico do material, ajustando o pH para uma faixa ideal.<\/p>\n<p data-start=\"948\" data-end=\"1059\">Dissolve e extrai res\u00edduos de \u00e1cidos presentes nos poros, trazendo-os \u00e0 superf\u00edcie e promovendo sua passiva\u00e7\u00e3o.<\/p>\n<p data-start=\"1061\" data-end=\"1177\">Auxilia na preven\u00e7\u00e3o de manchas escuras, amareladas e excesso de umidade interna causados por sais \u00e1cidos residuais.<\/p>\n<hr data-start=\"1179\" data-end=\"1182\" \/>\n<p data-start=\"1184\" data-end=\"1198\"><strong data-start=\"1184\" data-end=\"1198\">Desempenho<\/strong><\/p>\n<p data-start=\"1200\" data-end=\"1319\">Mant\u00e9m o equil\u00edbrio qu\u00edmico da superf\u00edcie, evitando varia\u00e7\u00f5es de pH e pOH quando exposta a agentes \u00e1cidos ou alcalinos.<\/p>\n<p data-start=\"1321\" data-end=\"1411\">Em materiais polidos, apresenta a mesma efici\u00eancia, podendo exigir maior tempo de contato.<\/p>\n<hr data-start=\"1413\" data-end=\"1416\" \/>\n<p data-start=\"1418\" data-end=\"1433\"><strong data-start=\"1418\" data-end=\"1433\">Observa\u00e7\u00f5es<\/strong><\/p>\n<p data-start=\"1435\" data-end=\"1498\">Recomenda-se realizar teste pr\u00e9vio antes da aplica\u00e7\u00e3o completa.<\/p>\n<p data-start=\"1500\" data-end=\"1547\">Produto indicado para uso t\u00e9cnico\/profissional.<\/p>\n<hr data-start=\"1549\" data-end=\"1552\" \/>\n<p data-start=\"1554\" data-end=\"1568\"><strong data-start=\"1554\" data-end=\"1568\">Rendimento<\/strong><\/p>\n<p data-start=\"1570\" data-end=\"1643\" data-is-last-node=\"\" data-is-only-node=\"\">O rendimento varia conforme o tipo de aplica\u00e7\u00e3o e porosidade do material.<\/p>\n<p>&nbsp;<\/p>\n<hr \/>\n<h5 class=\"no-margin\">Downloads<\/h5>\n<hr \/>\n<ul>\n<li><strong><a href=\"#\" target=\"_blank\" rel=\"noopener noreferrer\">Ficha T\u00e9cnica do Produto<\/a><\/strong><\/li>\n<li><strong><a href=\"#\" target=\"_blank\" rel=\"noopener noreferrer\">Ficha de Seguran\u00e7a \u2013\u00a0FISPQ<\/a><\/strong><\/li>\n<\/ul>\n","protected":false},"excerpt":{"rendered":"<p>Solu\u00e7\u00e3o tamponada, promove o equil\u00edbrio i\u00f4nico dos materiais tratados com \u00e1cidos org\u00e2nicos e inorg\u00e2nicos, trazendo para uma faixa de pH ideal. Ap\u00f3s serem submetidos ao tratamento \u00e1cido, algumas rea\u00e7\u00f5es indesejadas apresentam na superf\u00edcie dos materiais tais como, manchas escuras, amareladas, assim como o aumento da umidade interna da rocha pela presen\u00e7a de sais \u00e1cidos residuais. pH<br \/>\nRESET, age como agente extrator de \u00e1cidos residuais, dissolvendo, extraindo para a superf\u00edcie e finalmente causando a passiva\u00e7\u00e3o destes \u00e1cidos. pH RESET, mant\u00e9m o equil\u00edbrio qu\u00edmico, evitando que o pH e o pOH do meio sejam alterados ao entrarem em contato com \u00e1cidos e bases alcalinas. Em materiais polidos promove, promove a mesma a\u00e7\u00e3o, por\u00e9m com maior tempo de contato.<\/p>\n","protected":false},"featured_media":1001252,"template":"","meta":[],"product_brand":[106],"product_cat":[113],"product_tag":[],"class_list":{"0":"post-1001249","1":"product","2":"type-product","3":"status-publish","4":"has-post-thumbnail","6":"product_brand-bellinzoni","7":"product_cat-industrial","9":"first","10":"instock","11":"virtual","12":"product-type-simple"},"_links":{"self":[{"href":"https:\/\/bellinzoni.net\/pt\/wp-json\/wp\/v2\/product\/1001249","targetHints":{"allow":["GET"]}}],"collection":[{"href":"https:\/\/bellinzoni.net\/pt\/wp-json\/wp\/v2\/product"}],"about":[{"href":"https:\/\/bellinzoni.net\/pt\/wp-json\/wp\/v2\/types\/product"}],"version-history":[{"count":4,"href":"https:\/\/bellinzoni.net\/pt\/wp-json\/wp\/v2\/product\/1001249\/revisions"}],"predecessor-version":[{"id":1002234,"href":"https:\/\/bellinzoni.net\/pt\/wp-json\/wp\/v2\/product\/1001249\/revisions\/1002234"}],"wp:featuredmedia":[{"embeddable":true,"href":"https:\/\/bellinzoni.net\/pt\/wp-json\/wp\/v2\/media\/1001252"}],"wp:attachment":[{"href":"https:\/\/bellinzoni.net\/pt\/wp-json\/wp\/v2\/media?parent=1001249"}],"wp:term":[{"taxonomy":"product_brand","embeddable":true,"href":"https:\/\/bellinzoni.net\/pt\/wp-json\/wp\/v2\/product_brand?post=1001249"},{"taxonomy":"product_cat","embeddable":true,"href":"https:\/\/bellinzoni.net\/pt\/wp-json\/wp\/v2\/product_cat?post=1001249"},{"taxonomy":"product_tag","embeddable":true,"href":"https:\/\/bellinzoni.net\/pt\/wp-json\/wp\/v2\/product_tag?post=1001249"}],"curies":[{"name":"wp","href":"https:\/\/api.w.org\/{rel}","templated":true}]}}