{"id":1001254,"date":"2026-02-22T18:30:20","date_gmt":"2026-02-22T18:30:20","guid":{"rendered":"https:\/\/bellinzoni.net\/pt\/?post_type=product&#038;p=1001254"},"modified":"2026-03-18T19:09:52","modified_gmt":"2026-03-18T19:09:52","slug":"pink-bell","status":"publish","type":"product","link":"https:\/\/bellinzoni.net\/pt\/produto\/pink-bell\/","title":{"rendered":"Pink Bell"},"content":{"rendered":"<div class=\"flex flex-col text-sm pb-25\">\n<section class=\"text-token-text-primary w-full focus:outline-none [--shadow-height:45px] has-data-writing-block:pointer-events-none has-data-writing-block:-mt-(--shadow-height) has-data-writing-block:pt-(--shadow-height) [&amp;:has([data-writing-block])&gt;*]:pointer-events-auto scroll-mt-[calc(var(--header-height)+min(200px,max(70px,20svh)))]\" dir=\"auto\" data-turn-id=\"request-69b7f979-be64-8329-a0b1-b177f97d4070-1\" data-testid=\"conversation-turn-298\" data-scroll-anchor=\"true\" data-turn=\"assistant\">\n<div class=\"text-base my-auto mx-auto pb-10 [--thread-content-margin:var(--thread-content-margin-xs,calc(var(--spacing)*4))] @w-sm\/main:[--thread-content-margin:var(--thread-content-margin-sm,calc(var(--spacing)*6))] @w-lg\/main:[--thread-content-margin:var(--thread-content-margin-lg,calc(var(--spacing)*16))] px-(--thread-content-margin)\">\n<div class=\"[--thread-content-max-width:40rem] @w-lg\/main:[--thread-content-max-width:48rem] mx-auto max-w-(--thread-content-max-width) flex-1 group\/turn-messages focus-visible:outline-hidden relative flex w-full min-w-0 flex-col agent-turn\">\n<div class=\"flex max-w-full flex-col gap-4 grow\">\n<div class=\"min-h-8 text-message relative flex w-full flex-col items-end gap-2 text-start break-words whitespace-normal outline-none keyboard-focused:focus-ring [.text-message+&amp;]:mt-1\" dir=\"auto\" tabindex=\"0\" data-message-author-role=\"assistant\" data-message-id=\"e5788d0e-e00e-4581-b3f9-0648e0a8812b\" data-message-model-slug=\"gpt-5-3\" data-turn-start-message=\"true\">\n<div class=\"flex w-full flex-col gap-1 empty:hidden\">\n<div class=\"markdown prose dark:prose-invert w-full wrap-break-word dark markdown-new-styling\">\n<p data-start=\"254\" data-end=\"328\"><strong data-start=\"254\" data-end=\"267\">Descri\u00e7\u00e3o<\/strong><br data-start=\"267\" data-end=\"270\" \/>C\u00f3digo do Produto: 5 Litros \u2013 P242250 | 20 Litros \u2013 230650<\/p>\n<hr data-start=\"330\" data-end=\"333\" \/>\n<p data-start=\"335\" data-end=\"418\"><strong data-start=\"335\" data-end=\"363\">Superf\u00edcies de Aplica\u00e7\u00e3o<\/strong><br data-start=\"363\" data-end=\"366\" \/>M\u00e1rmores<br data-start=\"374\" data-end=\"377\" \/>Quartzitos<br data-start=\"387\" data-end=\"390\" \/>Granitos<br data-start=\"398\" data-end=\"401\" \/>Pedras em Geral<\/p>\n<hr data-start=\"420\" data-end=\"423\" \/>\n<p data-start=\"425\" data-end=\"439\"><strong data-start=\"425\" data-end=\"439\">Finalidade<\/strong><\/p>\n<p data-start=\"441\" data-end=\"597\">Produto indicado para remo\u00e7\u00e3o de manchas rosadas e impurezas met\u00e1licas, especialmente em m\u00e1rmores calc\u00edticos e dolom\u00edticos (ex.: Matarazzo e Branco Paran\u00e1).<\/p>\n<hr data-start=\"599\" data-end=\"602\" \/>\n<p data-start=\"604\" data-end=\"625\"><strong data-start=\"604\" data-end=\"625\">Instru\u00e7\u00f5es de Uso<\/strong><\/p>\n<p data-start=\"627\" data-end=\"655\"><strong data-start=\"627\" data-end=\"655\">Prepara\u00e7\u00e3o da superf\u00edcie<\/strong><\/p>\n<p data-start=\"657\" data-end=\"720\">A superf\u00edcie deve estar limpa e livre de sujeiras superficiais.<\/p>\n<hr data-start=\"722\" data-end=\"725\" \/>\n<p data-start=\"727\" data-end=\"751\"><strong data-start=\"727\" data-end=\"751\">Aplica\u00e7\u00e3o do produto<\/strong><\/p>\n<p data-start=\"753\" data-end=\"879\">Aplicar o produto diretamente sobre a \u00e1rea afetada, especialmente nas regi\u00f5es com matiz rosado, garantindo cobertura uniforme.<\/p>\n<hr data-start=\"881\" data-end=\"884\" \/>\n<p data-start=\"886\" data-end=\"905\"><strong data-start=\"886\" data-end=\"905\">A\u00e7\u00e3o do produto<\/strong><\/p>\n<p data-start=\"907\" data-end=\"1016\">Promove rea\u00e7\u00e3o de redu\u00e7\u00e3o, alterando o estado de oxida\u00e7\u00e3o (NOX) dos metais presentes no interior do material.<\/p>\n<p data-start=\"1018\" data-end=\"1156\">Atua na dissolu\u00e7\u00e3o de liga\u00e7\u00f5es de sulfetos e no deslocamento do equil\u00edbrio i\u00f4nico de metais de transi\u00e7\u00e3o, removendo oxida\u00e7\u00f5es e impurezas.<\/p>\n<p data-start=\"1158\" data-end=\"1262\">N\u00e3o gera forma\u00e7\u00e3o de quelato ferroso roxo, permitindo aplica\u00e7\u00e3o direta sem necessidade de neutraliza\u00e7\u00e3o.<\/p>\n<hr data-start=\"1264\" data-end=\"1267\" \/>\n<p data-start=\"1269\" data-end=\"1283\"><strong data-start=\"1269\" data-end=\"1283\">Desempenho<\/strong><\/p>\n<p data-start=\"1285\" data-end=\"1361\">Remove manchas rosadas caracter\u00edsticas em m\u00e1rmores calc\u00edticos e dolom\u00edticos.<\/p>\n<p data-start=\"1363\" data-end=\"1440\">Possui pH levemente \u00e1cido, sem causar corros\u00e3o quando utilizado corretamente.<\/p>\n<hr data-start=\"1442\" data-end=\"1445\" \/>\n<p data-start=\"1447\" data-end=\"1462\"><strong data-start=\"1447\" data-end=\"1462\">Observa\u00e7\u00f5es<\/strong><\/p>\n<p data-start=\"1464\" data-end=\"1528\">Produto de aplica\u00e7\u00e3o direta, dispensando o uso de neutralizante.<\/p>\n<p data-start=\"1530\" data-end=\"1593\">Recomenda-se realizar teste pr\u00e9vio antes da aplica\u00e7\u00e3o completa.<\/p>\n<p data-start=\"1595\" data-end=\"1642\">Produto indicado para uso t\u00e9cnico\/profissional.<\/p>\n<hr data-start=\"1644\" data-end=\"1647\" \/>\n<p data-start=\"1649\" data-end=\"1663\"><strong data-start=\"1649\" data-end=\"1663\">Rendimento<\/strong><\/p>\n<p data-start=\"1665\" data-end=\"1743\" data-is-last-node=\"\" data-is-only-node=\"\">O rendimento varia conforme a intensidade das manchas e o m\u00e9todo de aplica\u00e7\u00e3o.<\/p>\n<\/div>\n<\/div>\n<\/div>\n<\/div>\n<\/div>\n<\/div>\n<\/section>\n<\/div>\n<hr \/>\n<h5 class=\"no-margin\">Downloads<\/h5>\n<hr \/>\n<ul>\n<li><strong><a href=\"#\" target=\"_blank\" rel=\"noopener noreferrer\">Ficha T\u00e9cnica do Produto<\/a><\/strong><\/li>\n<li><strong><a href=\"#\" target=\"_blank\" rel=\"noopener noreferrer\">Ficha de Seguran\u00e7a \u2013\u00a0FISPQ<\/a><\/strong><\/li>\n<\/ul>\n","protected":false},"excerpt":{"rendered":"<p>Agente redutor monocomponente, promove uma rea\u00e7\u00e3o de redu\u00e7\u00e3o alterando o nox de alguns metais dissolvendo liga\u00e7\u00f5es de sulfetos, tal rea\u00e7\u00e3o desloca o equil\u00edbrio i\u00f4nico de alguns metais de transi\u00e7\u00e3o presentes no interior dos minerais removendo oxida\u00e7\u00f5es e impurezas. Sua a\u00e7\u00e3o n\u00e3o gera a forma\u00e7\u00e3o de um quelato ferroso roxo de PINK REDOX com o ferro, tornando uma aplica\u00e7\u00e3o direta sem a necessidade da neutraliza\u00e7\u00e3o com (PINK REMOVER B). PINK BELL tem um pH levemente \u00e1cido, no entanto n\u00e3o causa corros\u00e3o em superf\u00edcies de m\u00e1rmores como Matarazzo e Branco Paran\u00e1. PINK BELL \u00e9 aplicado diretamente sobre o matiz rosado predominante na massa do m\u00e1rmore; PINK REDOX elimina manchas rosadas caracter\u00edsticas em m\u00e1rmores calc\u00edticos e dolom\u00edticos.<\/p>\n","protected":false},"featured_media":1001256,"template":"","meta":[],"product_brand":[106],"product_cat":[113],"product_tag":[],"class_list":{"0":"post-1001254","1":"product","2":"type-product","3":"status-publish","4":"has-post-thumbnail","6":"product_brand-bellinzoni","7":"product_cat-industrial","9":"first","10":"instock","11":"virtual","12":"product-type-simple"},"_links":{"self":[{"href":"https:\/\/bellinzoni.net\/pt\/wp-json\/wp\/v2\/product\/1001254","targetHints":{"allow":["GET"]}}],"collection":[{"href":"https:\/\/bellinzoni.net\/pt\/wp-json\/wp\/v2\/product"}],"about":[{"href":"https:\/\/bellinzoni.net\/pt\/wp-json\/wp\/v2\/types\/product"}],"version-history":[{"count":3,"href":"https:\/\/bellinzoni.net\/pt\/wp-json\/wp\/v2\/product\/1001254\/revisions"}],"predecessor-version":[{"id":1002233,"href":"https:\/\/bellinzoni.net\/pt\/wp-json\/wp\/v2\/product\/1001254\/revisions\/1002233"}],"wp:featuredmedia":[{"embeddable":true,"href":"https:\/\/bellinzoni.net\/pt\/wp-json\/wp\/v2\/media\/1001256"}],"wp:attachment":[{"href":"https:\/\/bellinzoni.net\/pt\/wp-json\/wp\/v2\/media?parent=1001254"}],"wp:term":[{"taxonomy":"product_brand","embeddable":true,"href":"https:\/\/bellinzoni.net\/pt\/wp-json\/wp\/v2\/product_brand?post=1001254"},{"taxonomy":"product_cat","embeddable":true,"href":"https:\/\/bellinzoni.net\/pt\/wp-json\/wp\/v2\/product_cat?post=1001254"},{"taxonomy":"product_tag","embeddable":true,"href":"https:\/\/bellinzoni.net\/pt\/wp-json\/wp\/v2\/product_tag?post=1001254"}],"curies":[{"name":"wp","href":"https:\/\/api.w.org\/{rel}","templated":true}]}}