{"id":1001261,"date":"2026-02-22T18:41:03","date_gmt":"2026-02-22T18:41:03","guid":{"rendered":"https:\/\/bellinzoni.net\/pt\/?post_type=product&#038;p=1001261"},"modified":"2026-03-18T18:59:33","modified_gmt":"2026-03-18T18:59:33","slug":"pink-redox","status":"publish","type":"product","link":"https:\/\/bellinzoni.net\/pt\/produto\/pink-redox\/","title":{"rendered":"Pink Redox"},"content":{"rendered":"<p data-start=\"259\" data-end=\"333\"><strong data-start=\"259\" data-end=\"272\">Descri\u00e7\u00e3o<\/strong><br data-start=\"272\" data-end=\"275\" \/>C\u00f3digo do Produto: 5 Litros \u2013 P242217 | 20 Litros \u2013 230650<\/p>\n<hr data-start=\"335\" data-end=\"338\" \/>\n<p data-start=\"340\" data-end=\"423\"><strong data-start=\"340\" data-end=\"368\">Superf\u00edcies de Aplica\u00e7\u00e3o<\/strong><br data-start=\"368\" data-end=\"371\" \/>M\u00e1rmores<br data-start=\"379\" data-end=\"382\" \/>Quartzitos<br data-start=\"392\" data-end=\"395\" \/>Granitos<br data-start=\"403\" data-end=\"406\" \/>Pedras em Geral<\/p>\n<hr data-start=\"425\" data-end=\"428\" \/>\n<p data-start=\"430\" data-end=\"451\"><strong data-start=\"430\" data-end=\"451\">Instru\u00e7\u00f5es de Uso<\/strong><\/p>\n<p data-start=\"453\" data-end=\"473\"><strong data-start=\"453\" data-end=\"473\">Indica\u00e7\u00e3o de uso<\/strong><\/p>\n<p data-start=\"475\" data-end=\"682\">Produto indicado para remo\u00e7\u00e3o de oxida\u00e7\u00f5es, impurezas met\u00e1licas e manchas rosadas ou amarronzadas em superf\u00edcies minerais, especialmente em m\u00e1rmores calc\u00edticos e dolom\u00edticos (ex.: Matarazzo e Branco Paran\u00e1).<\/p>\n<hr data-start=\"684\" data-end=\"687\" \/>\n<p data-start=\"689\" data-end=\"717\"><strong data-start=\"689\" data-end=\"717\">Prepara\u00e7\u00e3o da superf\u00edcie<\/strong><\/p>\n<p data-start=\"719\" data-end=\"782\">A superf\u00edcie deve estar limpa e livre de sujeiras superficiais.<\/p>\n<hr data-start=\"784\" data-end=\"787\" \/>\n<p data-start=\"789\" data-end=\"814\"><strong data-start=\"789\" data-end=\"814\">Prepara\u00e7\u00e3o do produto<\/strong><\/p>\n<p data-start=\"816\" data-end=\"930\">Produto bicomponente: preparar a mistura conforme orienta\u00e7\u00e3o t\u00e9cnica, garantindo homogeneidade antes da aplica\u00e7\u00e3o.<\/p>\n<hr data-start=\"932\" data-end=\"935\" \/>\n<p data-start=\"937\" data-end=\"961\"><strong data-start=\"937\" data-end=\"961\">Aplica\u00e7\u00e3o do produto<\/strong><\/p>\n<p data-start=\"963\" data-end=\"1062\">Aplicar de forma uniforme sobre a superf\u00edcie, garantindo contato completo com a \u00e1rea a ser tratada.<\/p>\n<hr data-start=\"1064\" data-end=\"1067\" \/>\n<p data-start=\"1069\" data-end=\"1088\"><strong data-start=\"1069\" data-end=\"1088\">A\u00e7\u00e3o do produto<\/strong><\/p>\n<p data-start=\"1090\" data-end=\"1198\">Promove rea\u00e7\u00e3o de redu\u00e7\u00e3o, alterando o estado de oxida\u00e7\u00e3o (NOX) de metais presentes no interior do material.<\/p>\n<p data-start=\"1200\" data-end=\"1297\">Atua na dissolu\u00e7\u00e3o de liga\u00e7\u00f5es de sulfetos e desloca o equil\u00edbrio i\u00f4nico dos metais de transi\u00e7\u00e3o.<\/p>\n<p data-start=\"1299\" data-end=\"1438\">Durante o processo, forma um quelato ferroso com colora\u00e7\u00e3o roxa caracter\u00edstica, que mant\u00e9m os \u00f3xidos em suspens\u00e3o, facilitando sua remo\u00e7\u00e3o.<\/p>\n<hr data-start=\"1440\" data-end=\"1443\" \/>\n<p data-start=\"1445\" data-end=\"1459\"><strong data-start=\"1445\" data-end=\"1459\">Desempenho<\/strong><\/p>\n<p data-start=\"1461\" data-end=\"1539\">Remove manchas rosadas e marrons, comuns em m\u00e1rmores calc\u00edticos e dolom\u00edticos.<\/p>\n<p data-start=\"1541\" data-end=\"1615\">Promove a flota\u00e7\u00e3o dos \u00f3xidos, auxiliando na limpeza profunda do material.<\/p>\n<hr data-start=\"1617\" data-end=\"1620\" \/>\n<p data-start=\"1622\" data-end=\"1637\"><strong data-start=\"1622\" data-end=\"1637\">Observa\u00e7\u00f5es<\/strong><\/p>\n<p data-start=\"1639\" data-end=\"1721\">Recomenda-se aplica\u00e7\u00e3o t\u00e9cnica e realiza\u00e7\u00e3o de teste pr\u00e9vio antes do uso completo.<\/p>\n<p data-start=\"1723\" data-end=\"1762\">Produto indicado para uso profissional.<\/p>\n<hr data-start=\"1764\" data-end=\"1767\" \/>\n<p data-start=\"1769\" data-end=\"1783\"><strong data-start=\"1769\" data-end=\"1783\">Rendimento<\/strong><\/p>\n<p data-start=\"1785\" data-end=\"1871\" data-is-last-node=\"\" data-is-only-node=\"\">O rendimento varia conforme o tipo de aplica\u00e7\u00e3o e intensidade das oxida\u00e7\u00f5es presentes.<\/p>\n<hr \/>\n<h5 class=\"no-margin\">Downloads<\/h5>\n<hr \/>\n<ul>\n<li><strong><a href=\"#\" target=\"_blank\" rel=\"noopener noreferrer\">Ficha T\u00e9cnica do Produto<\/a><\/strong><\/li>\n<li><strong><a href=\"#\" target=\"_blank\" rel=\"noopener noreferrer\">Ficha de Seguran\u00e7a \u2013\u00a0FISPQ<\/a><\/strong><\/li>\n<\/ul>\n","protected":false},"excerpt":{"rendered":"<p>Agente redutor bicomponente, promove uma rea\u00e7\u00e3o de redu\u00e7\u00e3o alterando o nox de alguns metais dissolvendo liga\u00e7\u00f5es de sulfetos, tal rea\u00e7\u00e3o desloca o equil\u00edbrio i\u00f4nico de alguns metais de transi\u00e7\u00e3o presentes no interior dos minerais removendo oxida\u00e7\u00f5es e impurezas. Sua a\u00e7\u00e3o \u00e9 caracter\u00edstica pela forma\u00e7\u00e3o de um quelato ferroso que ocorrem pela liga\u00e7\u00e3o de PINK REDOX com o ferro, observado por uma cor roxa caracter\u00edstica, promove a flota\u00e7\u00e3o dos \u00f3xidos atrav\u00e9s do quelato, deixando-os em suspens\u00e3o. Em m\u00e1rmores como Matarazzo e Branco Paran\u00e1, \u00e9 not\u00f3rio a presen\u00e7a de matiz rosado; PINK REDOX elimina manchas rosadas e marrom caracter\u00edsticas em m\u00e1rmores calc\u00edticos e dolom\u00edticos.<\/p>\n","protected":false},"featured_media":1001264,"template":"","meta":[],"product_brand":[106],"product_cat":[113],"product_tag":[],"class_list":{"0":"post-1001261","1":"product","2":"type-product","3":"status-publish","4":"has-post-thumbnail","6":"product_brand-bellinzoni","7":"product_cat-industrial","9":"first","10":"instock","11":"virtual","12":"product-type-simple"},"_links":{"self":[{"href":"https:\/\/bellinzoni.net\/pt\/wp-json\/wp\/v2\/product\/1001261","targetHints":{"allow":["GET"]}}],"collection":[{"href":"https:\/\/bellinzoni.net\/pt\/wp-json\/wp\/v2\/product"}],"about":[{"href":"https:\/\/bellinzoni.net\/pt\/wp-json\/wp\/v2\/types\/product"}],"version-history":[{"count":4,"href":"https:\/\/bellinzoni.net\/pt\/wp-json\/wp\/v2\/product\/1001261\/revisions"}],"predecessor-version":[{"id":1002231,"href":"https:\/\/bellinzoni.net\/pt\/wp-json\/wp\/v2\/product\/1001261\/revisions\/1002231"}],"wp:featuredmedia":[{"embeddable":true,"href":"https:\/\/bellinzoni.net\/pt\/wp-json\/wp\/v2\/media\/1001264"}],"wp:attachment":[{"href":"https:\/\/bellinzoni.net\/pt\/wp-json\/wp\/v2\/media?parent=1001261"}],"wp:term":[{"taxonomy":"product_brand","embeddable":true,"href":"https:\/\/bellinzoni.net\/pt\/wp-json\/wp\/v2\/product_brand?post=1001261"},{"taxonomy":"product_cat","embeddable":true,"href":"https:\/\/bellinzoni.net\/pt\/wp-json\/wp\/v2\/product_cat?post=1001261"},{"taxonomy":"product_tag","embeddable":true,"href":"https:\/\/bellinzoni.net\/pt\/wp-json\/wp\/v2\/product_tag?post=1001261"}],"curies":[{"name":"wp","href":"https:\/\/api.w.org\/{rel}","templated":true}]}}