{"id":1001271,"date":"2026-02-22T18:48:40","date_gmt":"2026-02-22T18:48:40","guid":{"rendered":"https:\/\/bellinzoni.net\/pt\/?post_type=product&#038;p=1001271"},"modified":"2026-03-18T18:53:17","modified_gmt":"2026-03-18T18:53:17","slug":"remoxi-plus","status":"publish","type":"product","link":"https:\/\/bellinzoni.net\/pt\/produto\/remoxi-plus\/","title":{"rendered":"Remoxi Plus"},"content":{"rendered":"<p data-start=\"236\" data-end=\"310\"><strong data-start=\"236\" data-end=\"249\">Descri\u00e7\u00e3o<\/strong><br data-start=\"249\" data-end=\"252\" \/>C\u00f3digo do Produto: 5 Litros \u2013 P242276 | 20 Litros \u2013 230650<\/p>\n<hr data-start=\"312\" data-end=\"315\" \/>\n<p data-start=\"317\" data-end=\"400\"><strong data-start=\"317\" data-end=\"345\">Superf\u00edcies de Aplica\u00e7\u00e3o<\/strong><br data-start=\"345\" data-end=\"348\" \/>M\u00e1rmores<br data-start=\"356\" data-end=\"359\" \/>Quartzitos<br data-start=\"369\" data-end=\"372\" \/>Granitos<br data-start=\"380\" data-end=\"383\" \/>Pedras em Geral<\/p>\n<hr data-start=\"402\" data-end=\"405\" \/>\n<p data-start=\"407\" data-end=\"428\"><strong data-start=\"407\" data-end=\"428\">Instru\u00e7\u00f5es de Uso<\/strong><\/p>\n<p data-start=\"430\" data-end=\"450\"><strong data-start=\"430\" data-end=\"450\">Indica\u00e7\u00e3o de uso<\/strong><\/p>\n<p data-start=\"452\" data-end=\"629\">Produto indicado para superf\u00edcies com comportamento hidrofugante (repel\u00eancia), auxiliando na revers\u00e3o da polaridade e favorecendo a absor\u00e7\u00e3o de solu\u00e7\u00f5es no interior do material.<\/p>\n<hr data-start=\"631\" data-end=\"634\" \/>\n<p data-start=\"636\" data-end=\"664\"><strong data-start=\"636\" data-end=\"664\">Prepara\u00e7\u00e3o da superf\u00edcie<\/strong><\/p>\n<p data-start=\"666\" data-end=\"744\">Certifique-se de que o material esteja limpo e livre de sujeiras superficiais.<\/p>\n<hr data-start=\"746\" data-end=\"749\" \/>\n<p data-start=\"751\" data-end=\"775\"><strong data-start=\"751\" data-end=\"775\">Aplica\u00e7\u00e3o do produto<\/strong><\/p>\n<p data-start=\"777\" data-end=\"922\">Aplicar o produto de forma uniforme sobre a superf\u00edcie, garantindo total cobertura, especialmente em \u00e1reas com maior incid\u00eancia de microfissuras.<\/p>\n<hr data-start=\"924\" data-end=\"927\" \/>\n<p data-start=\"929\" data-end=\"948\"><strong data-start=\"929\" data-end=\"948\">A\u00e7\u00e3o do produto<\/strong><\/p>\n<p data-start=\"950\" data-end=\"1071\">Promove o molhamento da superf\u00edcie, revertendo a polaridade dos poros de repelente (negativo) para absorvente (positivo).<\/p>\n<p data-start=\"1073\" data-end=\"1137\">Atua na quebra da tens\u00e3o superficial entre a \u00e1gua e o substrato.<\/p>\n<p data-start=\"1139\" data-end=\"1233\">Penetra profundamente, dissolvendo e extraindo \u00e1cidos concentrados presentes em microfissuras.<\/p>\n<hr data-start=\"1235\" data-end=\"1238\" \/>\n<p data-start=\"1240\" data-end=\"1254\"><strong data-start=\"1240\" data-end=\"1254\">Desempenho<\/strong><\/p>\n<p data-start=\"1256\" data-end=\"1339\">Indicado para superf\u00edcies ainda brutas, onde promove melhor resposta ao tratamento.<\/p>\n<p data-start=\"1341\" data-end=\"1461\">Em \u00e1reas com presen\u00e7a de branco, n\u00e3o gera efeito molhado, proporcionando apar\u00eancia mais clara e uniforme ap\u00f3s a secagem.<\/p>\n<p data-start=\"1463\" data-end=\"1547\">Em materiais polidos, apresenta a mesma a\u00e7\u00e3o, podendo exigir maior tempo de contato.<\/p>\n<hr data-start=\"1549\" data-end=\"1552\" \/>\n<p data-start=\"1554\" data-end=\"1569\"><strong data-start=\"1554\" data-end=\"1569\">Observa\u00e7\u00f5es<\/strong><\/p>\n<p data-start=\"1571\" data-end=\"1634\">Recomenda-se realizar teste pr\u00e9vio antes da aplica\u00e7\u00e3o completa.<\/p>\n<p data-start=\"1636\" data-end=\"1683\">Produto indicado para uso t\u00e9cnico\/profissional.<\/p>\n<hr data-start=\"1685\" data-end=\"1688\" \/>\n<p data-start=\"1690\" data-end=\"1704\"><strong data-start=\"1690\" data-end=\"1704\">Rendimento<\/strong><\/p>\n<p data-start=\"1706\" data-end=\"1781\" data-is-last-node=\"\" data-is-only-node=\"\">O rendimento varia conforme a porosidade do material e m\u00e9todo de aplica\u00e7\u00e3o.<\/p>\n<hr \/>\n<h5 class=\"no-margin\">Downloads<\/h5>\n<hr \/>\n<ul>\n<li><strong><a href=\"#\" target=\"_blank\" rel=\"noopener noreferrer\">Ficha T\u00e9cnica do Produto<\/a><\/strong><\/li>\n<li><strong><a href=\"#\" target=\"_blank\" rel=\"noopener noreferrer\">Ficha de Seguran\u00e7a \u2013\u00a0FISPQ<\/a><\/strong><\/li>\n<\/ul>\n","protected":false},"excerpt":{"rendered":"<p>Agente umectante, promove o molhamento da superf\u00edcie, reverte a repel\u00eancia de \u00e1gua causada pela transforma\u00e7\u00e3o das for\u00e7as capilares no interior dos poros da rocha, revertendo a polaridade da mol\u00e9cula de negativo (repel\u00eancia) para positivo (suc\u00e7\u00e3o). Promove a quebra da tens\u00e3o superficial causada pelo hidrofugante entre a \u00e1gua e o substrato. Penetra profundamente nos poros das pedras promovendo a<br \/>\ndissolu\u00e7\u00e3o de \u00e1cidos concentrados nas microfissuras. REMOXI PLUS, age como agente extrator de \u00e1cidos residuais, dissolvendo e extraindo para a superf\u00edcie. \u00c9 indicado para superf\u00edcies ainda brutas, na presen\u00e7a do branco n\u00e3o produz o efeito molhado, ap\u00f3s secagem promove um efeito branco radiante. Em materiais polidos promove, promove a mesma a\u00e7\u00e3o, por\u00e9m com maior tempo de contato.<\/p>\n","protected":false},"featured_media":1001272,"template":"","meta":[],"product_brand":[106],"product_cat":[113],"product_tag":[],"class_list":{"0":"post-1001271","1":"product","2":"type-product","3":"status-publish","4":"has-post-thumbnail","6":"product_brand-bellinzoni","7":"product_cat-industrial","9":"first","10":"instock","11":"virtual","12":"product-type-simple"},"_links":{"self":[{"href":"https:\/\/bellinzoni.net\/pt\/wp-json\/wp\/v2\/product\/1001271","targetHints":{"allow":["GET"]}}],"collection":[{"href":"https:\/\/bellinzoni.net\/pt\/wp-json\/wp\/v2\/product"}],"about":[{"href":"https:\/\/bellinzoni.net\/pt\/wp-json\/wp\/v2\/types\/product"}],"version-history":[{"count":2,"href":"https:\/\/bellinzoni.net\/pt\/wp-json\/wp\/v2\/product\/1001271\/revisions"}],"predecessor-version":[{"id":1002229,"href":"https:\/\/bellinzoni.net\/pt\/wp-json\/wp\/v2\/product\/1001271\/revisions\/1002229"}],"wp:featuredmedia":[{"embeddable":true,"href":"https:\/\/bellinzoni.net\/pt\/wp-json\/wp\/v2\/media\/1001272"}],"wp:attachment":[{"href":"https:\/\/bellinzoni.net\/pt\/wp-json\/wp\/v2\/media?parent=1001271"}],"wp:term":[{"taxonomy":"product_brand","embeddable":true,"href":"https:\/\/bellinzoni.net\/pt\/wp-json\/wp\/v2\/product_brand?post=1001271"},{"taxonomy":"product_cat","embeddable":true,"href":"https:\/\/bellinzoni.net\/pt\/wp-json\/wp\/v2\/product_cat?post=1001271"},{"taxonomy":"product_tag","embeddable":true,"href":"https:\/\/bellinzoni.net\/pt\/wp-json\/wp\/v2\/product_tag?post=1001271"}],"curies":[{"name":"wp","href":"https:\/\/api.w.org\/{rel}","templated":true}]}}