{"id":1001280,"date":"2026-02-22T18:58:54","date_gmt":"2026-02-22T18:58:54","guid":{"rendered":"https:\/\/bellinzoni.net\/pt\/?post_type=product&#038;p=1001280"},"modified":"2026-03-18T18:49:56","modified_gmt":"2026-03-18T18:49:56","slug":"total-protecao-max","status":"publish","type":"product","link":"https:\/\/bellinzoni.net\/pt\/produto\/total-protecao-max\/","title":{"rendered":"Total Prote\u00e7\u00e3o Max"},"content":{"rendered":"<p data-start=\"297\" data-end=\"371\"><strong data-start=\"297\" data-end=\"310\">Descri\u00e7\u00e3o<\/strong><br data-start=\"310\" data-end=\"313\" \/>C\u00f3digo do Produto: 5 Litros \u2013 P242098 | 20 Litros \u2013 230650<\/p>\n<hr data-start=\"373\" data-end=\"376\" \/>\n<p data-start=\"378\" data-end=\"461\"><strong data-start=\"378\" data-end=\"406\">Superf\u00edcies de Aplica\u00e7\u00e3o<\/strong><br data-start=\"406\" data-end=\"409\" \/>M\u00e1rmores<br data-start=\"417\" data-end=\"420\" \/>Quartzitos<br data-start=\"430\" data-end=\"433\" \/>Granitos<br data-start=\"441\" data-end=\"444\" \/>Pedras em Geral<\/p>\n<hr data-start=\"463\" data-end=\"466\" \/>\n<p data-start=\"468\" data-end=\"489\"><strong data-start=\"468\" data-end=\"489\">Instru\u00e7\u00f5es de Uso<\/strong><\/p>\n<p data-start=\"491\" data-end=\"511\"><strong data-start=\"491\" data-end=\"511\">Indica\u00e7\u00e3o de uso<\/strong><\/p>\n<p data-start=\"513\" data-end=\"657\">Produto indicado para aplica\u00e7\u00e3o em materiais ainda brutos, com foco na redu\u00e7\u00e3o da absor\u00e7\u00e3o de \u00e1gua durante o processo de corte e beneficiamento.<\/p>\n<hr data-start=\"659\" data-end=\"662\" \/>\n<p data-start=\"664\" data-end=\"692\"><strong data-start=\"664\" data-end=\"692\">Prepara\u00e7\u00e3o da superf\u00edcie<\/strong><\/p>\n<p data-start=\"694\" data-end=\"783\">A superf\u00edcie deve estar limpa e, preferencialmente, seca para melhor absor\u00e7\u00e3o do produto.<\/p>\n<hr data-start=\"785\" data-end=\"788\" \/>\n<p data-start=\"790\" data-end=\"814\"><strong data-start=\"790\" data-end=\"814\">Aplica\u00e7\u00e3o do produto<\/strong><\/p>\n<p data-start=\"816\" data-end=\"957\">Aplicar o produto de forma uniforme sobre toda a superf\u00edcie, utilizando rolo, pulverizador ou m\u00e9todo adequado, garantindo cobertura completa.<\/p>\n<hr data-start=\"959\" data-end=\"962\" \/>\n<p data-start=\"964\" data-end=\"983\"><strong data-start=\"964\" data-end=\"983\">A\u00e7\u00e3o do produto<\/strong><\/p>\n<p data-start=\"985\" data-end=\"1106\">Sua tecnologia permite penetra\u00e7\u00e3o profunda na estrutura do material, formando uma barreira invis\u00edvel de alta performance.<\/p>\n<p data-start=\"1108\" data-end=\"1240\">Durante o beneficiamento, reduz a absor\u00e7\u00e3o constante de \u00e1gua e evita rea\u00e7\u00f5es adversas com resinas estruturais causadas pela umidade.<\/p>\n<hr data-start=\"1242\" data-end=\"1245\" \/>\n<p data-start=\"1247\" data-end=\"1272\"><strong data-start=\"1247\" data-end=\"1272\">Aplica\u00e7\u00e3o recomendada<\/strong><\/p>\n<p data-start=\"1274\" data-end=\"1401\">Indicado principalmente para aplica\u00e7\u00e3o pr\u00e9via ao corte, contribuindo para maior estabilidade e qualidade no processo produtivo.<\/p>\n<hr data-start=\"1403\" data-end=\"1406\" \/>\n<p data-start=\"1408\" data-end=\"1423\"><strong data-start=\"1408\" data-end=\"1423\">Observa\u00e7\u00f5es<\/strong><\/p>\n<p data-start=\"1425\" data-end=\"1488\">Recomenda-se realizar teste pr\u00e9vio antes da aplica\u00e7\u00e3o completa.<\/p>\n<p data-start=\"1490\" data-end=\"1537\">Produto indicado para uso t\u00e9cnico\/profissional.<\/p>\n<hr data-start=\"1539\" data-end=\"1542\" \/>\n<p data-start=\"1544\" data-end=\"1558\"><strong data-start=\"1544\" data-end=\"1558\">Rendimento<\/strong><\/p>\n<p data-start=\"1560\" data-end=\"1635\" data-is-last-node=\"\" data-is-only-node=\"\">O rendimento varia conforme a porosidade do material e m\u00e9todo de aplica\u00e7\u00e3o.<\/p>\n<hr \/>\n<h5 class=\"no-margin\">Downloads<\/h5>\n<hr \/>\n<ul>\n<li><strong><a href=\"#\" target=\"_blank\" rel=\"noopener noreferrer\">Ficha T\u00e9cnica do Produto<\/a><\/strong><\/li>\n<li><strong><a href=\"#\" target=\"_blank\" rel=\"noopener noreferrer\">Ficha de Seguran\u00e7a \u2013\u00a0FISPQ<\/a><\/strong><\/li>\n<\/ul>\n","protected":false},"excerpt":{"rendered":"<p>Hidro-repelente de alta penetra\u00e7\u00e3o. Barreira transparente de alta performance, desenvolvida com uma nanotecnologia sem a presen\u00e7a de s\u00f3lidos; permite uma penetra\u00e7\u00e3o profunda na massa rochosa dos materiais posteriormente submetidos ao beneficiamento. A aplica\u00e7\u00e3o pr\u00e9via ainda no material bruto, impede a absor\u00e7\u00e3o constante de \u00e1gua do material no processo do corte. TOTAL PROTE\u00c7\u00c3O MAX evita<br \/>\nrea\u00e7\u00f5es adversas da resina estrutural com a alta umidade.<\/p>\n","protected":false},"featured_media":1001284,"template":"","meta":[],"product_brand":[106],"product_cat":[113],"product_tag":[],"class_list":{"0":"post-1001280","1":"product","2":"type-product","3":"status-publish","4":"has-post-thumbnail","6":"product_brand-bellinzoni","7":"product_cat-industrial","9":"first","10":"instock","11":"virtual","12":"product-type-simple"},"_links":{"self":[{"href":"https:\/\/bellinzoni.net\/pt\/wp-json\/wp\/v2\/product\/1001280","targetHints":{"allow":["GET"]}}],"collection":[{"href":"https:\/\/bellinzoni.net\/pt\/wp-json\/wp\/v2\/product"}],"about":[{"href":"https:\/\/bellinzoni.net\/pt\/wp-json\/wp\/v2\/types\/product"}],"version-history":[{"count":4,"href":"https:\/\/bellinzoni.net\/pt\/wp-json\/wp\/v2\/product\/1001280\/revisions"}],"predecessor-version":[{"id":1002227,"href":"https:\/\/bellinzoni.net\/pt\/wp-json\/wp\/v2\/product\/1001280\/revisions\/1002227"}],"wp:featuredmedia":[{"embeddable":true,"href":"https:\/\/bellinzoni.net\/pt\/wp-json\/wp\/v2\/media\/1001284"}],"wp:attachment":[{"href":"https:\/\/bellinzoni.net\/pt\/wp-json\/wp\/v2\/media?parent=1001280"}],"wp:term":[{"taxonomy":"product_brand","embeddable":true,"href":"https:\/\/bellinzoni.net\/pt\/wp-json\/wp\/v2\/product_brand?post=1001280"},{"taxonomy":"product_cat","embeddable":true,"href":"https:\/\/bellinzoni.net\/pt\/wp-json\/wp\/v2\/product_cat?post=1001280"},{"taxonomy":"product_tag","embeddable":true,"href":"https:\/\/bellinzoni.net\/pt\/wp-json\/wp\/v2\/product_tag?post=1001280"}],"curies":[{"name":"wp","href":"https:\/\/api.w.org\/{rel}","templated":true}]}}