{"id":1001285,"date":"2026-02-22T19:02:22","date_gmt":"2026-02-22T19:02:22","guid":{"rendered":"https:\/\/bellinzoni.net\/pt\/?post_type=product&#038;p=1001285"},"modified":"2026-03-18T18:48:13","modified_gmt":"2026-03-18T18:48:13","slug":"total-protecao-ultra","status":"publish","type":"product","link":"https:\/\/bellinzoni.net\/pt\/produto\/total-protecao-ultra\/","title":{"rendered":"Total Prote\u00e7\u00e3o Ultra"},"content":{"rendered":"<div class=\"flex flex-col text-sm pb-25\">\n<section class=\"text-token-text-primary w-full focus:outline-none [--shadow-height:45px] has-data-writing-block:pointer-events-none has-data-writing-block:-mt-(--shadow-height) has-data-writing-block:pt-(--shadow-height) [&amp;:has([data-writing-block])&gt;*]:pointer-events-auto scroll-mt-[calc(var(--header-height)+min(200px,max(70px,20svh)))]\" dir=\"auto\" data-turn-id=\"request-69b7f979-be64-8329-a0b1-b177f97d4070-35\" data-testid=\"conversation-turn-284\" data-scroll-anchor=\"true\" data-turn=\"assistant\">\n<div class=\"text-base my-auto mx-auto pb-10 [--thread-content-margin:var(--thread-content-margin-xs,calc(var(--spacing)*4))] @w-sm\/main:[--thread-content-margin:var(--thread-content-margin-sm,calc(var(--spacing)*6))] @w-lg\/main:[--thread-content-margin:var(--thread-content-margin-lg,calc(var(--spacing)*16))] px-(--thread-content-margin)\">\n<div class=\"[--thread-content-max-width:40rem] @w-lg\/main:[--thread-content-max-width:48rem] mx-auto max-w-(--thread-content-max-width) flex-1 group\/turn-messages focus-visible:outline-hidden relative flex w-full min-w-0 flex-col agent-turn\">\n<div class=\"flex max-w-full flex-col gap-4 grow\">\n<div class=\"min-h-8 text-message relative flex w-full flex-col items-end gap-2 text-start break-words whitespace-normal outline-none keyboard-focused:focus-ring [.text-message+&amp;]:mt-1\" dir=\"auto\" tabindex=\"0\" data-message-author-role=\"assistant\" data-message-id=\"c2fa76ed-20a1-4f61-9035-a0811bd819b2\" data-message-model-slug=\"gpt-5-3\" data-turn-start-message=\"true\">\n<div class=\"flex w-full flex-col gap-1 empty:hidden\">\n<div class=\"markdown prose dark:prose-invert w-full wrap-break-word dark markdown-new-styling\">\n<p data-start=\"299\" data-end=\"373\"><strong data-start=\"299\" data-end=\"312\">Descri\u00e7\u00e3o<\/strong><br data-start=\"312\" data-end=\"315\" \/>C\u00f3digo do Produto: 5 Litros \u2013 P242128 | 20 Litros \u2013 230650<\/p>\n<hr data-start=\"375\" data-end=\"378\" \/>\n<p data-start=\"380\" data-end=\"463\"><strong data-start=\"380\" data-end=\"408\">Superf\u00edcies de Aplica\u00e7\u00e3o<\/strong><br data-start=\"408\" data-end=\"411\" \/>M\u00e1rmores<br data-start=\"419\" data-end=\"422\" \/>Quartzitos<br data-start=\"432\" data-end=\"435\" \/>Granitos<br data-start=\"443\" data-end=\"446\" \/>Pedras em Geral<\/p>\n<hr data-start=\"465\" data-end=\"468\" \/>\n<p data-start=\"470\" data-end=\"491\"><strong data-start=\"470\" data-end=\"491\">Instru\u00e7\u00f5es de Uso<\/strong><\/p>\n<p data-start=\"493\" data-end=\"513\"><strong data-start=\"493\" data-end=\"513\">Indica\u00e7\u00e3o de uso<\/strong><\/p>\n<p data-start=\"515\" data-end=\"684\">Produto indicado para prote\u00e7\u00e3o de materiais ainda brutos, prevenindo absor\u00e7\u00e3o excessiva de \u00e1gua durante o processo de corte, bem como para prote\u00e7\u00e3o final contra manchas.<\/p>\n<hr data-start=\"686\" data-end=\"689\" \/>\n<p data-start=\"691\" data-end=\"719\"><strong data-start=\"691\" data-end=\"719\">Prepara\u00e7\u00e3o da superf\u00edcie<\/strong><\/p>\n<p data-start=\"721\" data-end=\"812\">A superf\u00edcie deve estar limpa e, preferencialmente, seca para melhor penetra\u00e7\u00e3o do produto.<\/p>\n<hr data-start=\"814\" data-end=\"817\" \/>\n<p data-start=\"819\" data-end=\"843\"><strong data-start=\"819\" data-end=\"843\">Aplica\u00e7\u00e3o do produto<\/strong><\/p>\n<p data-start=\"845\" data-end=\"984\">Aplicar o produto de forma uniforme sobre a superf\u00edcie, utilizando rolo, pulverizador ou outro m\u00e9todo adequado, garantindo total cobertura.<\/p>\n<hr data-start=\"986\" data-end=\"989\" \/>\n<p data-start=\"991\" data-end=\"1010\"><strong data-start=\"991\" data-end=\"1010\">A\u00e7\u00e3o do produto<\/strong><\/p>\n<p data-start=\"1012\" data-end=\"1155\">Sua formula\u00e7\u00e3o com nanotecnologia permite penetra\u00e7\u00e3o profunda na estrutura do material, formando uma barreira transparente de alta performance.<\/p>\n<p data-start=\"1157\" data-end=\"1261\">Durante o processo produtivo, reduz a absor\u00e7\u00e3o de \u00e1gua e evita rea\u00e7\u00f5es adversas com resinas estruturais.<\/p>\n<p data-start=\"1263\" data-end=\"1343\">Na etapa final, atua como prote\u00e7\u00e3o contra manchas causadas por agentes qu\u00edmicos.<\/p>\n<hr data-start=\"1345\" data-end=\"1348\" \/>\n<p data-start=\"1350\" data-end=\"1377\"><strong data-start=\"1350\" data-end=\"1377\">Aplica\u00e7\u00f5es recomendadas<\/strong><\/p>\n<p data-start=\"1379\" data-end=\"1511\">\u2022 Pr\u00e9-corte: para reduzir a absor\u00e7\u00e3o de \u00e1gua durante o beneficiamento.<br data-start=\"1449\" data-end=\"1452\" \/>\u2022 P\u00f3s-acabamento: para prote\u00e7\u00e3o superficial contra manchas.<\/p>\n<hr data-start=\"1513\" data-end=\"1516\" \/>\n<p data-start=\"1518\" data-end=\"1533\"><strong data-start=\"1518\" data-end=\"1533\">Observa\u00e7\u00f5es<\/strong><\/p>\n<p data-start=\"1535\" data-end=\"1598\">Recomenda-se realizar teste pr\u00e9vio antes da aplica\u00e7\u00e3o completa.<\/p>\n<p data-start=\"1600\" data-end=\"1647\">Produto indicado para uso t\u00e9cnico\/profissional.<\/p>\n<hr data-start=\"1649\" data-end=\"1652\" \/>\n<p data-start=\"1654\" data-end=\"1668\"><strong data-start=\"1654\" data-end=\"1668\">Rendimento<\/strong><\/p>\n<p data-start=\"1670\" data-end=\"1747\" data-is-last-node=\"\" data-is-only-node=\"\">O rendimento varia conforme a porosidade do material e o m\u00e9todo de aplica\u00e7\u00e3o.<\/p>\n<\/div>\n<\/div>\n<\/div>\n<\/div>\n<div class=\"mt-3 w-full empty:hidden\">\n<div class=\"text-center\"><\/div>\n<\/div>\n<\/div>\n<\/div>\n<\/section>\n<\/div>\n<hr \/>\n<h5 class=\"no-margin\">Downloads<\/h5>\n<hr \/>\n<ul>\n<li><strong><a href=\"#\" target=\"_blank\" rel=\"noopener noreferrer\">Ficha T\u00e9cnica do Produto<\/a><\/strong><\/li>\n<li><strong><a href=\"#\" target=\"_blank\" rel=\"noopener noreferrer\">Ficha de Seguran\u00e7a \u2013\u00a0FISPQ<\/a><\/strong><\/li>\n<\/ul>\n","protected":false},"excerpt":{"rendered":"<p>Hidro-\u00f3leorepelente de alta penetra\u00e7\u00e3o, composto concentrado. Barreira transparente de alta performance, desenvolvida com uma nanotecnologia sem a presen\u00e7a de s\u00f3lidos; permite uma penetra\u00e7\u00e3o profunda na massa rochosa dos materiais posteriormente submetidos ao beneficiamento. A aplica\u00e7\u00e3o pr\u00e9via ainda no material bruto, impede a absor\u00e7\u00e3o constante de \u00e1gua do material no processo do corte. TOTAL PROTE\u00c7\u00c3O ULTRA evita rea\u00e7\u00f5es adversas da resina estrutural com a alta umidade. Tanto \u00e9 utilizado antes do corte para prevenir a alta concentra\u00e7\u00e3o de umidade; quanto na finaliza\u00e7\u00e3o de materiais para blindagem contra machas atrav\u00e9s de agentes qu\u00edmicos na superf\u00edcie.<\/p>\n","protected":false},"featured_media":1001286,"template":"","meta":[],"product_brand":[106],"product_cat":[113],"product_tag":[],"class_list":{"0":"post-1001285","1":"product","2":"type-product","3":"status-publish","4":"has-post-thumbnail","6":"product_brand-bellinzoni","7":"product_cat-industrial","9":"first","10":"instock","11":"virtual","12":"product-type-simple"},"_links":{"self":[{"href":"https:\/\/bellinzoni.net\/pt\/wp-json\/wp\/v2\/product\/1001285","targetHints":{"allow":["GET"]}}],"collection":[{"href":"https:\/\/bellinzoni.net\/pt\/wp-json\/wp\/v2\/product"}],"about":[{"href":"https:\/\/bellinzoni.net\/pt\/wp-json\/wp\/v2\/types\/product"}],"version-history":[{"count":2,"href":"https:\/\/bellinzoni.net\/pt\/wp-json\/wp\/v2\/product\/1001285\/revisions"}],"predecessor-version":[{"id":1002226,"href":"https:\/\/bellinzoni.net\/pt\/wp-json\/wp\/v2\/product\/1001285\/revisions\/1002226"}],"wp:featuredmedia":[{"embeddable":true,"href":"https:\/\/bellinzoni.net\/pt\/wp-json\/wp\/v2\/media\/1001286"}],"wp:attachment":[{"href":"https:\/\/bellinzoni.net\/pt\/wp-json\/wp\/v2\/media?parent=1001285"}],"wp:term":[{"taxonomy":"product_brand","embeddable":true,"href":"https:\/\/bellinzoni.net\/pt\/wp-json\/wp\/v2\/product_brand?post=1001285"},{"taxonomy":"product_cat","embeddable":true,"href":"https:\/\/bellinzoni.net\/pt\/wp-json\/wp\/v2\/product_cat?post=1001285"},{"taxonomy":"product_tag","embeddable":true,"href":"https:\/\/bellinzoni.net\/pt\/wp-json\/wp\/v2\/product_tag?post=1001285"}],"curies":[{"name":"wp","href":"https:\/\/api.w.org\/{rel}","templated":true}]}}