{"id":1001288,"date":"2026-02-22T19:07:45","date_gmt":"2026-02-22T19:07:45","guid":{"rendered":"https:\/\/bellinzoni.net\/pt\/?post_type=product&#038;p=1001288"},"modified":"2026-03-18T18:43:24","modified_gmt":"2026-03-18T18:43:24","slug":"vetoxi-industrial","status":"publish","type":"product","link":"https:\/\/bellinzoni.net\/pt\/produto\/vetoxi-industrial\/","title":{"rendered":"Vetoxi"},"content":{"rendered":"<div class=\"flex flex-col text-sm pb-25\">\n<section class=\"text-token-text-primary w-full focus:outline-none [--shadow-height:45px] has-data-writing-block:pointer-events-none has-data-writing-block:-mt-(--shadow-height) has-data-writing-block:pt-(--shadow-height) [&amp;:has([data-writing-block])&gt;*]:pointer-events-auto scroll-mt-[calc(var(--header-height)+min(200px,max(70px,20svh)))]\" dir=\"auto\" data-turn-id=\"request-69b7f979-be64-8329-a0b1-b177f97d4070-34\" data-testid=\"conversation-turn-282\" data-scroll-anchor=\"true\" data-turn=\"assistant\">\n<div class=\"text-base my-auto mx-auto pb-10 [--thread-content-margin:var(--thread-content-margin-xs,calc(var(--spacing)*4))] @w-sm\/main:[--thread-content-margin:var(--thread-content-margin-sm,calc(var(--spacing)*6))] @w-lg\/main:[--thread-content-margin:var(--thread-content-margin-lg,calc(var(--spacing)*16))] px-(--thread-content-margin)\">\n<div class=\"[--thread-content-max-width:40rem] @w-lg\/main:[--thread-content-max-width:48rem] mx-auto max-w-(--thread-content-max-width) flex-1 group\/turn-messages focus-visible:outline-hidden relative flex w-full min-w-0 flex-col agent-turn\">\n<div class=\"flex max-w-full flex-col gap-4 grow\">\n<div class=\"min-h-8 text-message relative flex w-full flex-col items-end gap-2 text-start break-words whitespace-normal outline-none keyboard-focused:focus-ring [.text-message+&amp;]:mt-1\" dir=\"auto\" tabindex=\"0\" data-message-author-role=\"assistant\" data-message-id=\"53d13c5b-b518-4dec-ae18-d6eca435d8be\" data-message-model-slug=\"gpt-5-3\" data-turn-start-message=\"true\">\n<div class=\"flex w-full flex-col gap-1 empty:hidden\">\n<div class=\"markdown prose dark:prose-invert w-full wrap-break-word dark markdown-new-styling\">\n<p data-start=\"275\" data-end=\"349\"><strong data-start=\"275\" data-end=\"288\">Descri\u00e7\u00e3o<\/strong><br data-start=\"288\" data-end=\"291\" \/>C\u00f3digo do Produto: 5 Litros \u2013 P242438 | 20 Litros \u2013 230650<\/p>\n<hr data-start=\"351\" data-end=\"354\" \/>\n<p data-start=\"356\" data-end=\"428\"><strong data-start=\"356\" data-end=\"384\">Superf\u00edcies de Aplica\u00e7\u00e3o<\/strong><br data-start=\"384\" data-end=\"387\" \/>Quartzitos<br data-start=\"397\" data-end=\"400\" \/>Granitos<br data-start=\"408\" data-end=\"411\" \/>Pedras em Geral<\/p>\n<hr data-start=\"430\" data-end=\"433\" \/>\n<p data-start=\"435\" data-end=\"456\"><strong data-start=\"435\" data-end=\"456\">Instru\u00e7\u00f5es de Uso<\/strong><\/p>\n<p data-start=\"458\" data-end=\"478\"><strong data-start=\"458\" data-end=\"478\">Indica\u00e7\u00e3o de uso<\/strong><\/p>\n<p data-start=\"480\" data-end=\"561\">Produto indicado para remo\u00e7\u00e3o de oxida\u00e7\u00f5es ferrosas em granitos brutos e polidos.<\/p>\n<p data-start=\"563\" data-end=\"724\">Tamb\u00e9m pode ser utilizado como agente de passiva\u00e7\u00e3o final no tratamento de remo\u00e7\u00e3o de matiz rosado em alguns m\u00e1rmores, especialmente em superf\u00edcies ainda brutas.<\/p>\n<hr data-start=\"726\" data-end=\"729\" \/>\n<p data-start=\"731\" data-end=\"759\"><strong data-start=\"731\" data-end=\"759\">Prepara\u00e7\u00e3o da superf\u00edcie<\/strong><\/p>\n<p data-start=\"761\" data-end=\"839\">Certifique-se de que o material esteja limpo e livre de sujeiras superficiais.<\/p>\n<hr data-start=\"841\" data-end=\"844\" \/>\n<p data-start=\"846\" data-end=\"870\"><strong data-start=\"846\" data-end=\"870\">Aplica\u00e7\u00e3o do produto<\/strong><\/p>\n<p data-start=\"872\" data-end=\"1013\">Aplicar o produto conforme o processo t\u00e9cnico indicado (imers\u00e3o ou tratamento espec\u00edfico), garantindo contato uniforme com toda a superf\u00edcie.<\/p>\n<hr data-start=\"1015\" data-end=\"1018\" \/>\n<p data-start=\"1020\" data-end=\"1039\"><strong data-start=\"1020\" data-end=\"1039\">A\u00e7\u00e3o do produto<\/strong><\/p>\n<p data-start=\"1041\" data-end=\"1153\">Atua na remo\u00e7\u00e3o de oxida\u00e7\u00f5es ferrosas sem causar corros\u00e3o ou danos \u00e0 superf\u00edcie, inclusive em materiais polidos.<\/p>\n<p data-start=\"1155\" data-end=\"1278\">Durante o processo, promove a fosfatiza\u00e7\u00e3o dos metais presentes no mineral, proporcionando maior durabilidade ao resultado.<\/p>\n<hr data-start=\"1280\" data-end=\"1283\" \/>\n<p data-start=\"1285\" data-end=\"1300\"><strong data-start=\"1285\" data-end=\"1300\">Observa\u00e7\u00f5es<\/strong><\/p>\n<p data-start=\"1302\" data-end=\"1355\">N\u00e3o degrada o material quando utilizado corretamente.<\/p>\n<p data-start=\"1357\" data-end=\"1420\">Recomenda-se realizar teste pr\u00e9vio antes da aplica\u00e7\u00e3o completa.<\/p>\n<p data-start=\"1422\" data-end=\"1469\">Produto indicado para uso t\u00e9cnico\/profissional.<\/p>\n<hr data-start=\"1471\" data-end=\"1474\" \/>\n<p data-start=\"1476\" data-end=\"1490\"><strong data-start=\"1476\" data-end=\"1490\">Rendimento<\/strong><\/p>\n<p data-start=\"1492\" data-end=\"1566\" data-is-last-node=\"\" data-is-only-node=\"\">O rendimento varia conforme o tipo de aplica\u00e7\u00e3o e intensidade da oxida\u00e7\u00e3o.<\/p>\n<\/div>\n<\/div>\n<\/div>\n<\/div>\n<\/div>\n<\/div>\n<\/section>\n<\/div>\n<hr \/>\n<h5 class=\"no-margin\">Instru\u00e7\u00f5es de Uso<\/h5>\n<hr \/>\n<p>#<\/p>\n<hr \/>\n<h5 class=\"no-margin\">Downloads<\/h5>\n<hr \/>\n<ul>\n<li><strong><a href=\"#\" target=\"_blank\" rel=\"noopener noreferrer\">Ficha T\u00e9cnica do Produto<\/a><\/strong><\/li>\n<li><strong><a href=\"#\" target=\"_blank\" rel=\"noopener noreferrer\">Ficha de Seguran\u00e7a \u2013\u00a0FISPQ<\/a><\/strong><\/li>\n<\/ul>\n","protected":false},"excerpt":{"rendered":"<hr \/>\n<p>Removedor de oxida\u00e7\u00e3o ferrosa. \u00c9 indicado para granitos brutos e polidos. N\u00e3o agride a superf\u00edcie polida dos materiais. Sua exclusiva remove oxida\u00e7\u00f5es ferrosas de forma eficiente sem causar a corros\u00e3o da superf\u00edcie, n\u00e3o degrada o material submetido ao tratamento, em seu processo de remo\u00e7\u00e3o VETOXI promove a fosfatiza\u00e7\u00e3o do metal presente no mineral, trazendo um resultado duradouro. VETOXI tamb\u00e9m \u00e9 indicado como agente de passiva\u00e7\u00e3o final no tratamento de remo\u00e7\u00e3o do matiz rosa em alguns m\u00e1rmores para superf\u00edcies ainda brutas.<\/p>\n","protected":false},"featured_media":1001291,"template":"","meta":[],"product_brand":[106],"product_cat":[113],"product_tag":[],"class_list":{"0":"post-1001288","1":"product","2":"type-product","3":"status-publish","4":"has-post-thumbnail","6":"product_brand-bellinzoni","7":"product_cat-industrial","9":"first","10":"instock","11":"virtual","12":"product-type-simple"},"_links":{"self":[{"href":"https:\/\/bellinzoni.net\/pt\/wp-json\/wp\/v2\/product\/1001288","targetHints":{"allow":["GET"]}}],"collection":[{"href":"https:\/\/bellinzoni.net\/pt\/wp-json\/wp\/v2\/product"}],"about":[{"href":"https:\/\/bellinzoni.net\/pt\/wp-json\/wp\/v2\/types\/product"}],"version-history":[{"count":5,"href":"https:\/\/bellinzoni.net\/pt\/wp-json\/wp\/v2\/product\/1001288\/revisions"}],"predecessor-version":[{"id":1002225,"href":"https:\/\/bellinzoni.net\/pt\/wp-json\/wp\/v2\/product\/1001288\/revisions\/1002225"}],"wp:featuredmedia":[{"embeddable":true,"href":"https:\/\/bellinzoni.net\/pt\/wp-json\/wp\/v2\/media\/1001291"}],"wp:attachment":[{"href":"https:\/\/bellinzoni.net\/pt\/wp-json\/wp\/v2\/media?parent=1001288"}],"wp:term":[{"taxonomy":"product_brand","embeddable":true,"href":"https:\/\/bellinzoni.net\/pt\/wp-json\/wp\/v2\/product_brand?post=1001288"},{"taxonomy":"product_cat","embeddable":true,"href":"https:\/\/bellinzoni.net\/pt\/wp-json\/wp\/v2\/product_cat?post=1001288"},{"taxonomy":"product_tag","embeddable":true,"href":"https:\/\/bellinzoni.net\/pt\/wp-json\/wp\/v2\/product_tag?post=1001288"}],"curies":[{"name":"wp","href":"https:\/\/api.w.org\/{rel}","templated":true}]}}