{"id":1001293,"date":"2026-02-22T19:11:16","date_gmt":"2026-02-22T19:11:16","guid":{"rendered":"https:\/\/bellinzoni.net\/pt\/?post_type=product&#038;p=1001293"},"modified":"2026-03-18T18:38:52","modified_gmt":"2026-03-18T18:38:52","slug":"vetoxi-max-industrial","status":"publish","type":"product","link":"https:\/\/bellinzoni.net\/pt\/produto\/vetoxi-max-industrial\/","title":{"rendered":"Vetoxi Max"},"content":{"rendered":"<div class=\"flex flex-col text-sm pb-25\">\n<section class=\"text-token-text-primary w-full focus:outline-none [--shadow-height:45px] has-data-writing-block:pointer-events-none has-data-writing-block:-mt-(--shadow-height) has-data-writing-block:pt-(--shadow-height) [&amp;:has([data-writing-block])&gt;*]:pointer-events-auto scroll-mt-[calc(var(--header-height)+min(200px,max(70px,20svh)))]\" dir=\"auto\" data-turn-id=\"request-69b7f979-be64-8329-a0b1-b177f97d4070-33\" data-testid=\"conversation-turn-280\" data-scroll-anchor=\"true\" data-turn=\"assistant\">\n<div class=\"text-base my-auto mx-auto pb-10 [--thread-content-margin:var(--thread-content-margin-xs,calc(var(--spacing)*4))] @w-sm\/main:[--thread-content-margin:var(--thread-content-margin-sm,calc(var(--spacing)*6))] @w-lg\/main:[--thread-content-margin:var(--thread-content-margin-lg,calc(var(--spacing)*16))] px-(--thread-content-margin)\">\n<div class=\"[--thread-content-max-width:40rem] @w-lg\/main:[--thread-content-max-width:48rem] mx-auto max-w-(--thread-content-max-width) flex-1 group\/turn-messages focus-visible:outline-hidden relative flex w-full min-w-0 flex-col agent-turn\">\n<div class=\"flex max-w-full flex-col gap-4 grow\">\n<div class=\"min-h-8 text-message relative flex w-full flex-col items-end gap-2 text-start break-words whitespace-normal outline-none keyboard-focused:focus-ring [.text-message+&amp;]:mt-1\" dir=\"auto\" tabindex=\"0\" data-message-author-role=\"assistant\" data-message-id=\"51c6993b-86f8-480f-ab27-60cb17d1a24e\" data-message-model-slug=\"gpt-5-3\" data-turn-start-message=\"true\">\n<div class=\"flex w-full flex-col gap-1 empty:hidden\">\n<div class=\"markdown prose dark:prose-invert w-full wrap-break-word dark markdown-new-styling\">\n<p data-start=\"361\" data-end=\"435\"><strong data-start=\"361\" data-end=\"374\">Descri\u00e7\u00e3o<\/strong><br data-start=\"374\" data-end=\"377\" \/>C\u00f3digo do Produto: 5 Litros \u2013 P242454 | 20 Litros \u2013 230650<\/p>\n<hr data-start=\"437\" data-end=\"440\" \/>\n<p data-start=\"442\" data-end=\"514\"><strong data-start=\"442\" data-end=\"470\">Superf\u00edcies de Aplica\u00e7\u00e3o<\/strong><br data-start=\"470\" data-end=\"473\" \/>Quartzitos<br data-start=\"483\" data-end=\"486\" \/>Granitos<br data-start=\"494\" data-end=\"497\" \/>Pedras em Geral<\/p>\n<hr data-start=\"516\" data-end=\"519\" \/>\n<p data-start=\"521\" data-end=\"542\"><strong data-start=\"521\" data-end=\"542\">Instru\u00e7\u00f5es de Uso<\/strong><\/p>\n<p data-start=\"544\" data-end=\"564\"><strong data-start=\"544\" data-end=\"564\">Indica\u00e7\u00e3o de uso<\/strong><\/p>\n<p data-start=\"566\" data-end=\"744\">Produto indicado para remo\u00e7\u00e3o de oxida\u00e7\u00f5es de intensidade m\u00e9dia a alta em quartzitos, meta-arenitos e quartzolitos (ex.: Taj Mahal, Naica, White Taj, Perla Bianco, Perla Venata).<\/p>\n<hr data-start=\"746\" data-end=\"749\" \/>\n<p data-start=\"751\" data-end=\"779\"><strong data-start=\"751\" data-end=\"779\">Prepara\u00e7\u00e3o da superf\u00edcie<\/strong><\/p>\n<p data-start=\"781\" data-end=\"859\">Certifique-se de que o material esteja limpo e livre de sujeiras superficiais.<\/p>\n<hr data-start=\"861\" data-end=\"864\" \/>\n<p data-start=\"866\" data-end=\"890\"><strong data-start=\"866\" data-end=\"890\">Aplica\u00e7\u00e3o do produto<\/strong><\/p>\n<p data-start=\"892\" data-end=\"1033\">Aplicar o produto conforme o processo t\u00e9cnico indicado (imers\u00e3o ou tratamento espec\u00edfico), garantindo contato uniforme com toda a superf\u00edcie.<\/p>\n<hr data-start=\"1035\" data-end=\"1038\" \/>\n<p data-start=\"1040\" data-end=\"1059\"><strong data-start=\"1040\" data-end=\"1059\">A\u00e7\u00e3o do produto<\/strong><\/p>\n<p data-start=\"1061\" data-end=\"1164\">A formula\u00e7\u00e3o atua aumentando o \u00edndice de acidez do meio, favorecendo a dissolu\u00e7\u00e3o dos \u00f3xidos met\u00e1licos.<\/p>\n<p data-start=\"1166\" data-end=\"1295\">Durante o processo, promove a fosfatiza\u00e7\u00e3o dos metais presentes no mineral, proporcionando um resultado mais est\u00e1vel e duradouro.<\/p>\n<hr data-start=\"1297\" data-end=\"1300\" \/>\n<p data-start=\"1302\" data-end=\"1316\"><strong data-start=\"1302\" data-end=\"1316\">Desempenho<\/strong><\/p>\n<p data-start=\"1318\" data-end=\"1476\">Indicado especialmente para superf\u00edcies brutas, onde sua f\u00f3rmula penetra profundamente no material, auxiliando na quebra das liga\u00e7\u00f5es entre metais e minerais.<\/p>\n<hr data-start=\"1478\" data-end=\"1481\" \/>\n<p data-start=\"1483\" data-end=\"1498\"><strong data-start=\"1483\" data-end=\"1498\">Observa\u00e7\u00f5es<\/strong><\/p>\n<p data-start=\"1500\" data-end=\"1553\">N\u00e3o degrada o material quando utilizado corretamente.<\/p>\n<p data-start=\"1555\" data-end=\"1618\">Recomenda-se realizar teste pr\u00e9vio antes da aplica\u00e7\u00e3o completa.<\/p>\n<p data-start=\"1620\" data-end=\"1667\">Produto indicado para uso t\u00e9cnico\/profissional.<\/p>\n<hr data-start=\"1669\" data-end=\"1672\" \/>\n<p data-start=\"1674\" data-end=\"1688\"><strong data-start=\"1674\" data-end=\"1688\">Rendimento<\/strong><\/p>\n<p data-start=\"1690\" data-end=\"1764\" data-is-last-node=\"\" data-is-only-node=\"\">O rendimento varia conforme o tipo de aplica\u00e7\u00e3o e intensidade da oxida\u00e7\u00e3o.<\/p>\n<\/div>\n<\/div>\n<\/div>\n<\/div>\n<\/div>\n<\/div>\n<\/section>\n<\/div>\n<hr \/>\n<h5 class=\"no-margin\">Instru\u00e7\u00f5es de Uso<\/h5>\n<hr \/>\n<p>#<\/p>\n<hr \/>\n<h5 class=\"no-margin\">Downloads<\/h5>\n<hr \/>\n<ul>\n<li><strong><a href=\"#\" target=\"_blank\" rel=\"noopener noreferrer\">Ficha T\u00e9cnica do Produto<\/a><\/strong><\/li>\n<li><strong><a href=\"#\" target=\"_blank\" rel=\"noopener noreferrer\">Ficha de Seguran\u00e7a \u2013\u00a0FISPQ<\/a><\/strong><\/li>\n<\/ul>\n","protected":false},"excerpt":{"rendered":"<hr \/>\n<p>\u00c9 um poderoso removedor de oxida\u00e7\u00e3o, sua formula\u00e7\u00e3o \u00e9 composta de \u00e1cidos inorg\u00e2nicos complexantes. Ao serem hidratados aumentam o \u00edndice de acidez do meio favorecendo a dissolu\u00e7\u00e3o dos \u00f3xidos oriundas do ferro e outros metais. \u00c9 indicado para quartzitos, meta-arenitos, quartzolitos tais como Taj Mahal, Naica, White Taj, Perla Bianco, Perla Venata etc; sendo eficaz no tratamento de oxida\u00e7\u00f5es de intensidade m\u00e9dia e forte em quartzo cristalino, proporcionando resultados superiores e limpeza eficiente. Sua composi\u00e7\u00e3o exclusiva remove oxida\u00e7\u00f5es de minerais de forma eficiente, n\u00e3o degrada o material submetido ao tratamento, em seu processo de remo\u00e7\u00e3o VETOXI MAX promove a fosfatiza\u00e7\u00e3o de metais presentes no mineral, trazendo um resultado duradouro. VETOXI MAX \u00e9 indicado para superf\u00edcies ainda brutas, sua f\u00f3rmula penetra profundo no mineral, favorece oxida\u00e7\u00e3o e redu\u00e7\u00e3o do meio para romper liga\u00e7\u00f5es fortes do metal com minerais.<\/p>\n","protected":false},"featured_media":1001296,"template":"","meta":[],"product_brand":[106],"product_cat":[113],"product_tag":[],"class_list":{"0":"post-1001293","1":"product","2":"type-product","3":"status-publish","4":"has-post-thumbnail","6":"product_brand-bellinzoni","7":"product_cat-industrial","9":"first","10":"instock","11":"virtual","12":"product-type-simple"},"_links":{"self":[{"href":"https:\/\/bellinzoni.net\/pt\/wp-json\/wp\/v2\/product\/1001293","targetHints":{"allow":["GET"]}}],"collection":[{"href":"https:\/\/bellinzoni.net\/pt\/wp-json\/wp\/v2\/product"}],"about":[{"href":"https:\/\/bellinzoni.net\/pt\/wp-json\/wp\/v2\/types\/product"}],"version-history":[{"count":4,"href":"https:\/\/bellinzoni.net\/pt\/wp-json\/wp\/v2\/product\/1001293\/revisions"}],"predecessor-version":[{"id":1002224,"href":"https:\/\/bellinzoni.net\/pt\/wp-json\/wp\/v2\/product\/1001293\/revisions\/1002224"}],"wp:featuredmedia":[{"embeddable":true,"href":"https:\/\/bellinzoni.net\/pt\/wp-json\/wp\/v2\/media\/1001296"}],"wp:attachment":[{"href":"https:\/\/bellinzoni.net\/pt\/wp-json\/wp\/v2\/media?parent=1001293"}],"wp:term":[{"taxonomy":"product_brand","embeddable":true,"href":"https:\/\/bellinzoni.net\/pt\/wp-json\/wp\/v2\/product_brand?post=1001293"},{"taxonomy":"product_cat","embeddable":true,"href":"https:\/\/bellinzoni.net\/pt\/wp-json\/wp\/v2\/product_cat?post=1001293"},{"taxonomy":"product_tag","embeddable":true,"href":"https:\/\/bellinzoni.net\/pt\/wp-json\/wp\/v2\/product_tag?post=1001293"}],"curies":[{"name":"wp","href":"https:\/\/api.w.org\/{rel}","templated":true}]}}