{"id":1001308,"date":"2026-02-22T19:31:45","date_gmt":"2026-02-22T19:31:45","guid":{"rendered":"https:\/\/bellinzoni.net\/pt\/?post_type=product&#038;p=1001308"},"modified":"2026-03-18T18:30:37","modified_gmt":"2026-03-18T18:30:37","slug":"vetoxi-premium","status":"publish","type":"product","link":"https:\/\/bellinzoni.net\/pt\/produto\/vetoxi-premium\/","title":{"rendered":"Vetoxi Premium"},"content":{"rendered":"<p data-start=\"358\" data-end=\"432\"><strong data-start=\"358\" data-end=\"371\">Descri\u00e7\u00e3o<\/strong><br data-start=\"371\" data-end=\"374\" \/>C\u00f3digo do Produto: 5 Litros \u2013 P242497 | 20 Litros \u2013 230650<\/p>\n<hr data-start=\"434\" data-end=\"437\" \/>\n<p data-start=\"439\" data-end=\"511\"><strong data-start=\"439\" data-end=\"467\">Superf\u00edcies de Aplica\u00e7\u00e3o<\/strong><br data-start=\"467\" data-end=\"470\" \/>Quartzitos<br data-start=\"480\" data-end=\"483\" \/>Granitos<br data-start=\"491\" data-end=\"494\" \/>Pedras em Geral<\/p>\n<hr data-start=\"513\" data-end=\"516\" \/>\n<p data-start=\"518\" data-end=\"539\"><strong data-start=\"518\" data-end=\"539\">Instru\u00e7\u00f5es de Uso<\/strong><\/p>\n<p data-start=\"541\" data-end=\"561\"><strong data-start=\"541\" data-end=\"561\">Indica\u00e7\u00e3o de uso<\/strong><\/p>\n<p data-start=\"563\" data-end=\"727\">Produto indicado para remo\u00e7\u00e3o de oxida\u00e7\u00f5es em materiais como quartzitos, metaarenitos e quartzolitos (ex.: Taj Mahal, Naica, White Taj, Perla Bianco, Perla Venata).<\/p>\n<hr data-start=\"729\" data-end=\"732\" \/>\n<p data-start=\"734\" data-end=\"755\"><strong data-start=\"734\" data-end=\"755\">Modo de aplica\u00e7\u00e3o<\/strong><\/p>\n<p data-start=\"757\" data-end=\"846\">Utilizar o m\u00e9todo de imers\u00e3o, submergindo completamente o material na solu\u00e7\u00e3o do produto.<\/p>\n<hr data-start=\"848\" data-end=\"851\" \/>\n<p data-start=\"853\" data-end=\"879\"><strong data-start=\"853\" data-end=\"879\">Condi\u00e7\u00f5es de aplica\u00e7\u00e3o<\/strong><\/p>\n<p data-start=\"881\" data-end=\"973\">O processo deve ser realizado em temperatura elevada (acima de 70\u00b0C) para melhor desempenho.<\/p>\n<hr data-start=\"975\" data-end=\"978\" \/>\n<p data-start=\"980\" data-end=\"997\"><strong data-start=\"980\" data-end=\"997\">Tempo de a\u00e7\u00e3o<\/strong><\/p>\n<p data-start=\"999\" data-end=\"1092\">Manter o material imerso por um per\u00edodo de 24 a 72 horas, conforme a intensidade da oxida\u00e7\u00e3o.<\/p>\n<hr data-start=\"1094\" data-end=\"1097\" \/>\n<p data-start=\"1099\" data-end=\"1118\"><strong data-start=\"1099\" data-end=\"1118\">A\u00e7\u00e3o do produto<\/strong><\/p>\n<p data-start=\"1120\" data-end=\"1304\">Durante o tratamento, o produto atua dissolvendo \u00f3xidos provenientes de ferro e outros metais, al\u00e9m de promover a fosfatiza\u00e7\u00e3o dos minerais, garantindo maior durabilidade do resultado.<\/p>\n<hr data-start=\"1306\" data-end=\"1309\" \/>\n<p data-start=\"1311\" data-end=\"1332\"><strong data-start=\"1311\" data-end=\"1332\">Aplica\u00e7\u00e3o t\u00e9cnica<\/strong><\/p>\n<p data-start=\"1334\" data-end=\"1479\">Indicado principalmente para materiais brutos, onde sua f\u00f3rmula penetra profundamente, auxiliando na quebra das liga\u00e7\u00f5es entre metais e minerais.<\/p>\n<hr data-start=\"1481\" data-end=\"1484\" \/>\n<p data-start=\"1486\" data-end=\"1501\"><strong data-start=\"1486\" data-end=\"1501\">Observa\u00e7\u00f5es<\/strong><\/p>\n<p data-start=\"1503\" data-end=\"1568\">Recomenda-se realizar testes pr\u00e9vios antes da aplica\u00e7\u00e3o completa.<\/p>\n<p data-start=\"1570\" data-end=\"1617\">Produto indicado para uso t\u00e9cnico\/profissional.<\/p>\n<hr data-start=\"1619\" data-end=\"1622\" \/>\n<p data-start=\"1624\" data-end=\"1638\"><strong data-start=\"1624\" data-end=\"1638\">Rendimento<\/strong><\/p>\n<p data-start=\"1640\" data-end=\"1721\" data-is-last-node=\"\" data-is-only-node=\"\">O rendimento varia conforme o volume de imers\u00e3o e quantidade de material tratado.<\/p>\n<hr \/>\n<p>#<\/p>\n<hr \/>\n<h5 class=\"no-margin\">Downloads<\/h5>\n<hr \/>\n<ul>\n<li><strong><a href=\"#\" target=\"_blank\" rel=\"noopener noreferrer\">Ficha T\u00e9cnica do Produto<\/a><\/strong><\/li>\n<li><strong><a href=\"#\" target=\"_blank\" rel=\"noopener noreferrer\">Ficha de Seguran\u00e7a \u2013\u00a0FISPQ<\/a><\/strong><\/li>\n<\/ul>\n","protected":false},"excerpt":{"rendered":"<hr \/>\n<p>\u00c9 um poderoso removedor de oxida\u00e7\u00e3o, sua formula\u00e7\u00e3o \u00e9 composta de \u00e1cidos inorg\u00e2nicos complexantes. Ao serem hidratados aumentam o \u00edndice de acidez do meio favorecendo a dissolu\u00e7\u00e3o dos \u00f3xidos oriundas do ferro e outros metais. VETOXI PREMIUM foi desenvolvido para tratamentos em m\u00f3dulo de imers\u00e3o. O tratamento por imers\u00e3o, submete os materiais durante o processo de remo\u00e7\u00e3o, em temperaturas acima de 70\u00b0C por um per\u00edodo de 24 a 72 horas. \u00c9 indicado para quartzitos, metaarenitos, quartzolitos tais como Taj Mahal, Naica, White Taj, Perla Bianco, Perla Venata etc; sendo eficaz no tratamento de oxida\u00e7\u00f5es por imers\u00e3o, remove manchas de intensidade m\u00e9dia e forte em quartzo cristalino, proporcionando resultados superiores e limpeza eficiente. Sua composi\u00e7\u00e3o exclusiva remove oxida\u00e7\u00f5es de minerais de forma eficiente, n\u00e3o degrada o material submetido ao tratamento, em seu processo de remo\u00e7\u00e3o VETOXI REMIUM promove a fosfatiza\u00e7\u00e3o de metais presentes no mineral, trazendo um resultado duradouro. VETOXI MAX \u00e9 indicado para superf\u00edcies ainda brutas, sua f\u00f3rmula penetra profundo no mineral, favorece oxida\u00e7\u00e3o e redu\u00e7\u00e3o do meio para romper liga\u00e7\u00f5es fortes do metal com minerais.<\/p>\n","protected":false},"featured_media":1001311,"template":"","meta":[],"product_brand":[106],"product_cat":[113],"product_tag":[],"class_list":{"0":"post-1001308","1":"product","2":"type-product","3":"status-publish","4":"has-post-thumbnail","6":"product_brand-bellinzoni","7":"product_cat-industrial","9":"first","10":"instock","11":"virtual","12":"product-type-simple"},"_links":{"self":[{"href":"https:\/\/bellinzoni.net\/pt\/wp-json\/wp\/v2\/product\/1001308","targetHints":{"allow":["GET"]}}],"collection":[{"href":"https:\/\/bellinzoni.net\/pt\/wp-json\/wp\/v2\/product"}],"about":[{"href":"https:\/\/bellinzoni.net\/pt\/wp-json\/wp\/v2\/types\/product"}],"version-history":[{"count":5,"href":"https:\/\/bellinzoni.net\/pt\/wp-json\/wp\/v2\/product\/1001308\/revisions"}],"predecessor-version":[{"id":1002220,"href":"https:\/\/bellinzoni.net\/pt\/wp-json\/wp\/v2\/product\/1001308\/revisions\/1002220"}],"wp:featuredmedia":[{"embeddable":true,"href":"https:\/\/bellinzoni.net\/pt\/wp-json\/wp\/v2\/media\/1001311"}],"wp:attachment":[{"href":"https:\/\/bellinzoni.net\/pt\/wp-json\/wp\/v2\/media?parent=1001308"}],"wp:term":[{"taxonomy":"product_brand","embeddable":true,"href":"https:\/\/bellinzoni.net\/pt\/wp-json\/wp\/v2\/product_brand?post=1001308"},{"taxonomy":"product_cat","embeddable":true,"href":"https:\/\/bellinzoni.net\/pt\/wp-json\/wp\/v2\/product_cat?post=1001308"},{"taxonomy":"product_tag","embeddable":true,"href":"https:\/\/bellinzoni.net\/pt\/wp-json\/wp\/v2\/product_tag?post=1001308"}],"curies":[{"name":"wp","href":"https:\/\/api.w.org\/{rel}","templated":true}]}}