{"id":1001313,"date":"2026-02-22T19:52:01","date_gmt":"2026-02-22T19:52:01","guid":{"rendered":"https:\/\/bellinzoni.net\/pt\/?post_type=product&#038;p=1001313"},"modified":"2026-03-18T18:28:38","modified_gmt":"2026-03-18T18:28:38","slug":"green-remover","status":"publish","type":"product","link":"https:\/\/bellinzoni.net\/pt\/produto\/green-remover\/","title":{"rendered":"Green Remover"},"content":{"rendered":"<p data-start=\"393\" data-end=\"467\"><strong data-start=\"393\" data-end=\"406\">Descri\u00e7\u00e3o<\/strong><br data-start=\"406\" data-end=\"409\" \/>C\u00f3digo do Produto: 5 Litros \u2013 P242357 | 20 Litros \u2013 230650<\/p>\n<hr data-start=\"469\" data-end=\"472\" \/>\n<p data-start=\"474\" data-end=\"588\"><strong data-start=\"474\" data-end=\"502\">Superf\u00edcies de Aplica\u00e7\u00e3o<\/strong><br data-start=\"502\" data-end=\"505\" \/>Granitos (especialmente granitos com oxida\u00e7\u00e3o esverdeada, como Granito Ouro Branco)<\/p>\n<hr data-start=\"590\" data-end=\"593\" \/>\n<p data-start=\"595\" data-end=\"616\"><strong data-start=\"595\" data-end=\"616\">Instru\u00e7\u00f5es de Uso<\/strong><\/p>\n<p data-start=\"618\" data-end=\"638\"><strong data-start=\"618\" data-end=\"638\">Indica\u00e7\u00e3o de uso<\/strong><\/p>\n<p data-start=\"640\" data-end=\"730\">Produto indicado para tratamento de oxida\u00e7\u00f5es em granitos por meio de processo de imers\u00e3o.<\/p>\n<hr data-start=\"732\" data-end=\"735\" \/>\n<p data-start=\"737\" data-end=\"758\"><strong data-start=\"737\" data-end=\"758\">Modo de aplica\u00e7\u00e3o<\/strong><\/p>\n<p data-start=\"760\" data-end=\"849\">Utilizar o m\u00e9todo de imers\u00e3o, submergindo completamente o material em solu\u00e7\u00e3o do produto.<\/p>\n<p data-start=\"851\" data-end=\"923\">O tratamento deve ser realizado em temperatura ambiente (acima de 20\u00b0C).<\/p>\n<hr data-start=\"925\" data-end=\"928\" \/>\n<p data-start=\"930\" data-end=\"947\"><strong data-start=\"930\" data-end=\"947\">Tempo de a\u00e7\u00e3o<\/strong><\/p>\n<p data-start=\"949\" data-end=\"1036\">Manter o material imerso por um per\u00edodo de 24 a 72 horas, conforme o n\u00edvel de oxida\u00e7\u00e3o.<\/p>\n<hr data-start=\"1038\" data-end=\"1041\" \/>\n<p data-start=\"1043\" data-end=\"1056\"><strong data-start=\"1043\" data-end=\"1056\">Resultado<\/strong><\/p>\n<p data-start=\"1058\" data-end=\"1219\">Durante o processo, o produto atua na dissolu\u00e7\u00e3o dos \u00f3xidos met\u00e1licos, promovendo a remo\u00e7\u00e3o da colora\u00e7\u00e3o esverdeada e restaurando o aspecto original do material.<\/p>\n<hr data-start=\"1221\" data-end=\"1224\" \/>\n<p data-start=\"1226\" data-end=\"1241\"><strong data-start=\"1226\" data-end=\"1241\">Observa\u00e7\u00f5es<\/strong><\/p>\n<p data-start=\"1243\" data-end=\"1305\">Indicado para granitos com oxida\u00e7\u00f5es semelhantes \u00e0s descritas.<\/p>\n<p data-start=\"1307\" data-end=\"1400\">Recomenda-se realizar testes pr\u00e9vios para avalia\u00e7\u00e3o do resultado antes da aplica\u00e7\u00e3o completa.<\/p>\n<hr data-start=\"1402\" data-end=\"1405\" \/>\n<p data-start=\"1407\" data-end=\"1421\"><strong data-start=\"1407\" data-end=\"1421\">Rendimento<\/strong><\/p>\n<p data-start=\"1423\" data-end=\"1504\" data-is-last-node=\"\" data-is-only-node=\"\">O rendimento varia conforme o volume de imers\u00e3o e quantidade de material tratado.<\/p>\n<p>&nbsp;<\/p>\n<hr \/>\n<h5 class=\"no-margin\">Downloads<\/h5>\n<hr \/>\n<ul>\n<li><strong><a href=\"#\" target=\"_blank\" rel=\"noopener noreferrer\">Ficha T\u00e9cnica do Produto<\/a><\/strong><\/li>\n<li><strong><a href=\"#\" target=\"_blank\" rel=\"noopener noreferrer\">Ficha de Seguran\u00e7a \u2013\u00a0FISPQ<\/a><\/strong><\/li>\n<\/ul>\n","protected":false},"excerpt":{"rendered":"<p>\u00c9 um poderoso removedor de oxida\u00e7\u00e3o, sua formula\u00e7\u00e3o \u00e9 composta de \u00e1cidos inorg\u00e2nicos complexantes. Ao serem hidratados aumentam o \u00edndice de acidez do meio favorecendo a dissolu\u00e7\u00e3o dos \u00f3xidos oriundas do ferro e outros metais. VETOXI PREMIUM foi desenvolvido para tratamentos em m\u00f3dulo de imers\u00e3o. O tratamento por imers\u00e3o, submete os materiais durante o processo de remo\u00e7\u00e3o, em temperaturas acima de 70\u00b0C por um per\u00edodo de 24 a 72 horas. \u00c9 indicado para quartzitos, metaarenitos, quartzolitos tais como Taj Mahal, Naica, White Taj, Perla Bianco, Perla Venata etc; sendo eficaz no tratamento de oxida\u00e7\u00f5es por imers\u00e3o, remove manchas de intensidade m\u00e9dia e forte em quartzo cristalino, proporcionando resultados superiores e limpeza eficiente. Sua composi\u00e7\u00e3o exclusiva remove oxida\u00e7\u00f5es de minerais de forma eficiente, n\u00e3o degrada o material submetido ao tratamento, em seu processo de remo\u00e7\u00e3o VETOXI REMIUM promove a fosfatiza\u00e7\u00e3o de metais presentes no mineral, trazendo um resultado duradouro. VETOXI MAX \u00e9 indicado para superf\u00edcies ainda brutas, sua f\u00f3rmula penetra profundo no mineral, favorece oxida\u00e7\u00e3o e redu\u00e7\u00e3o do meio para romper liga\u00e7\u00f5es fortes do metal com minerais.<\/p>\n","protected":false},"featured_media":1001317,"template":"","meta":[],"product_brand":[106],"product_cat":[113],"product_tag":[],"class_list":{"0":"post-1001313","1":"product","2":"type-product","3":"status-publish","4":"has-post-thumbnail","6":"product_brand-bellinzoni","7":"product_cat-industrial","9":"first","10":"instock","11":"virtual","12":"product-type-simple"},"_links":{"self":[{"href":"https:\/\/bellinzoni.net\/pt\/wp-json\/wp\/v2\/product\/1001313","targetHints":{"allow":["GET"]}}],"collection":[{"href":"https:\/\/bellinzoni.net\/pt\/wp-json\/wp\/v2\/product"}],"about":[{"href":"https:\/\/bellinzoni.net\/pt\/wp-json\/wp\/v2\/types\/product"}],"version-history":[{"count":7,"href":"https:\/\/bellinzoni.net\/pt\/wp-json\/wp\/v2\/product\/1001313\/revisions"}],"predecessor-version":[{"id":1002219,"href":"https:\/\/bellinzoni.net\/pt\/wp-json\/wp\/v2\/product\/1001313\/revisions\/1002219"}],"wp:featuredmedia":[{"embeddable":true,"href":"https:\/\/bellinzoni.net\/pt\/wp-json\/wp\/v2\/media\/1001317"}],"wp:attachment":[{"href":"https:\/\/bellinzoni.net\/pt\/wp-json\/wp\/v2\/media?parent=1001313"}],"wp:term":[{"taxonomy":"product_brand","embeddable":true,"href":"https:\/\/bellinzoni.net\/pt\/wp-json\/wp\/v2\/product_brand?post=1001313"},{"taxonomy":"product_cat","embeddable":true,"href":"https:\/\/bellinzoni.net\/pt\/wp-json\/wp\/v2\/product_cat?post=1001313"},{"taxonomy":"product_tag","embeddable":true,"href":"https:\/\/bellinzoni.net\/pt\/wp-json\/wp\/v2\/product_tag?post=1001313"}],"curies":[{"name":"wp","href":"https:\/\/api.w.org\/{rel}","templated":true}]}}