{"id":2947,"date":"2025-04-28T06:57:19","date_gmt":"2025-04-28T06:57:19","guid":{"rendered":"https:\/\/wpglozin.com\/wigs\/shop\/pitaya-bob-vibrant-color-short-wig\/"},"modified":"2026-03-16T13:52:05","modified_gmt":"2026-03-16T13:52:05","slug":"pitaya-bob-vibrant-color-short-wig","status":"publish","type":"product","link":"https:\/\/bellinzoni.net\/pt\/produto\/pitaya-bob-vibrant-color-short-wig\/","title":{"rendered":"Limpa Placas Solares"},"content":{"rendered":"<p data-start=\"373\" data-end=\"451\"><strong data-start=\"373\" data-end=\"386\">Descri\u00e7\u00e3o<\/strong><br data-start=\"386\" data-end=\"389\" \/>C\u00f3digo do Produto: 1 L \u2013 227757 | 5 L \u2013 227765 | 20 L \u2013 229377<\/p>\n<hr data-start=\"453\" data-end=\"456\" \/>\n<p data-start=\"458\" data-end=\"503\"><strong data-start=\"458\" data-end=\"486\">Superf\u00edcies de Aplica\u00e7\u00e3o<\/strong><br data-start=\"486\" data-end=\"489\" \/>Placas Solares<\/p>\n<hr data-start=\"505\" data-end=\"508\" \/>\n<p data-start=\"510\" data-end=\"531\"><strong data-start=\"510\" data-end=\"531\">Instru\u00e7\u00f5es de Uso<\/strong><\/p>\n<p data-start=\"533\" data-end=\"558\"><strong data-start=\"533\" data-end=\"558\">Prepara\u00e7\u00e3o do produto<\/strong><\/p>\n<p data-start=\"560\" data-end=\"584\">Produto pronto para uso.<\/p>\n<p data-start=\"586\" data-end=\"610\"><strong data-start=\"586\" data-end=\"610\">Aplica\u00e7\u00e3o do produto<\/strong><\/p>\n<p data-start=\"612\" data-end=\"806\">Utilize um pulverizador para aplicar o produto de maneira uniforme sobre a \u00e1rea a ser limpa. Pulverize a uma dist\u00e2ncia aproximada de 20 a 30 cm da superf\u00edcie, formando uma n\u00e9voa leve e uniforme.<\/p>\n<p data-start=\"808\" data-end=\"915\">Evite aplicar o produto em \u00e1reas muito grandes de uma s\u00f3 vez para impedir que ele seque sobre a superf\u00edcie.<\/p>\n<p data-start=\"917\" data-end=\"934\"><strong data-start=\"917\" data-end=\"934\">Tempo de a\u00e7\u00e3o<\/strong><\/p>\n<p data-start=\"936\" data-end=\"977\">Deixe o produto agir por alguns segundos.<\/p>\n<p data-start=\"979\" data-end=\"990\"><strong data-start=\"979\" data-end=\"990\">Limpeza<\/strong><\/p>\n<p data-start=\"992\" data-end=\"1109\">Esfregue a superf\u00edcie utilizando fibra branca com aux\u00edlio de um suporte LT articulado e cabo extensor, se necess\u00e1rio.<\/p>\n<p data-start=\"1111\" data-end=\"1122\"><strong data-start=\"1111\" data-end=\"1122\">Remo\u00e7\u00e3o<\/strong><\/p>\n<p data-start=\"1124\" data-end=\"1219\">Remova o produto com um pano limpo e finalize secando preferencialmente com pano de microfibra.<\/p>\n<p data-start=\"1221\" data-end=\"1236\"><strong data-start=\"1221\" data-end=\"1236\">Observa\u00e7\u00f5es<\/strong><\/p>\n<ul data-start=\"1238\" data-end=\"1715\">\n<li data-section-id=\"28u46s\" data-start=\"1238\" data-end=\"1381\">\n<p data-start=\"1240\" data-end=\"1381\">O rendimento aproximado \u00e9 de 50 m\u00b2 por litro, podendo variar conforme o grau de sujidade, porosidade da superf\u00edcie e inclina\u00e7\u00e3o das placas.<\/p>\n<\/li>\n<li data-section-id=\"qg3fu6\" data-start=\"1382\" data-end=\"1487\">\n<p data-start=\"1384\" data-end=\"1487\">As aplica\u00e7\u00f5es devem ser realizadas preferencialmente em hor\u00e1rios com menor incid\u00eancia de sol e calor.<\/p>\n<\/li>\n<li data-section-id=\"1o0rb1k\" data-start=\"1488\" data-end=\"1554\">\n<p data-start=\"1490\" data-end=\"1554\">Evite que o produto seque sobre a superf\u00edcie antes da remo\u00e7\u00e3o.<\/p>\n<\/li>\n<li data-section-id=\"3e56t0\" data-start=\"1555\" data-end=\"1654\">\n<p data-start=\"1557\" data-end=\"1654\">Pode ser utilizado tamb\u00e9m nas superf\u00edcies adjacentes, como suportes met\u00e1licos, alum\u00ednio e inox.<\/p>\n<\/li>\n<li data-section-id=\"9qsq0g\" data-start=\"1655\" data-end=\"1715\">\n<p data-start=\"1657\" data-end=\"1715\">N\u00e3o utilize panos sujos ou encardidos durante a aplica\u00e7\u00e3o.<\/p>\n<\/li>\n<li data-section-id=\"9qsq0g\" data-start=\"1655\" data-end=\"1715\">\n<p data-start=\"1657\" data-end=\"1715\"><strong>pH Alcalino.<\/strong><\/p>\n<\/li>\n<\/ul>\n<hr \/>\n<h5 class=\"no-margin\">Downloads<\/h5>\n<hr \/>\n<ul>\n<li><strong><a href=\"https:\/\/bellinzoni.net\/fichas_corporate\/FT_Corporate_Limpa_Placas_Solares.pdf\" target=\"_blank\" rel=\"noopener noreferrer\">Ficha T\u00e9cnica do Produto<\/a><\/strong><\/li>\n<li><strong><a href=\"https:\/\/bellinzoni.net\/fispq2023\/FISPQ_BLZ284_CORPORATE%20LIMPA%20PLACAS%20SOLARES.pdf\" target=\"_blank\" rel=\"noopener noreferrer\">Ficha de Seguran\u00e7a \u2013\u00a0FISPQ<\/a><\/strong><\/li>\n<\/ul>\n","protected":false},"excerpt":{"rendered":"<h5 class=\"no-margin\"><\/h5>\n<p>Produto para limpeza do painel solar fotovoltaicos. O alto poder de limpeza torna tudo muito f\u00e1cil de fazer e n\u00e3o apresenta risco de danificar as placas. Limpa e elimina os escurecimentos causados pela a\u00e7\u00e3o do tempo, aumentando a capta\u00e7\u00e3o de energia solar.<\/p>\n<p>&nbsp;<\/p>\n","protected":false},"featured_media":1000128,"template":"","meta":[],"product_brand":[],"product_cat":[68],"product_tag":[],"class_list":{"0":"post-2947","1":"product","2":"type-product","3":"status-publish","4":"has-post-thumbnail","6":"product_cat-corporate","8":"first","9":"instock","10":"virtual","11":"product-type-simple"},"_links":{"self":[{"href":"https:\/\/bellinzoni.net\/pt\/wp-json\/wp\/v2\/product\/2947","targetHints":{"allow":["GET"]}}],"collection":[{"href":"https:\/\/bellinzoni.net\/pt\/wp-json\/wp\/v2\/product"}],"about":[{"href":"https:\/\/bellinzoni.net\/pt\/wp-json\/wp\/v2\/types\/product"}],"version-history":[{"count":4,"href":"https:\/\/bellinzoni.net\/pt\/wp-json\/wp\/v2\/product\/2947\/revisions"}],"predecessor-version":[{"id":1002038,"href":"https:\/\/bellinzoni.net\/pt\/wp-json\/wp\/v2\/product\/2947\/revisions\/1002038"}],"wp:featuredmedia":[{"embeddable":true,"href":"https:\/\/bellinzoni.net\/pt\/wp-json\/wp\/v2\/media\/1000128"}],"wp:attachment":[{"href":"https:\/\/bellinzoni.net\/pt\/wp-json\/wp\/v2\/media?parent=2947"}],"wp:term":[{"taxonomy":"product_brand","embeddable":true,"href":"https:\/\/bellinzoni.net\/pt\/wp-json\/wp\/v2\/product_brand?post=2947"},{"taxonomy":"product_cat","embeddable":true,"href":"https:\/\/bellinzoni.net\/pt\/wp-json\/wp\/v2\/product_cat?post=2947"},{"taxonomy":"product_tag","embeddable":true,"href":"https:\/\/bellinzoni.net\/pt\/wp-json\/wp\/v2\/product_tag?post=2947"}],"curies":[{"name":"wp","href":"https:\/\/api.w.org\/{rel}","templated":true}]}}